{"id":4716,"date":"2017-06-16T11:22:14","date_gmt":"2017-06-16T11:22:14","guid":{"rendered":"https:\/\/www.auroraglobalgroup.com\/about-us\/"},"modified":"2024-02-20T12:37:31","modified_gmt":"2024-02-20T12:37:31","slug":"about-us","status":"publish","type":"page","link":"https:\/\/www.auroraglobalgroup.com\/es\/about-us\/","title":{"rendered":"Sobre nosotros"},"content":{"rendered":"<div class=\"wpb-content-wrapper\"><p>[vc_row full_width=\u00bbstretch_row\u00bb css=\u00bb.vc_custom_1497612642066{padding-top: 100px !important;padding-bottom: 100px !important;background-image: url(http:\/\/auroraglobalgroup.com\/wp-content\/uploads\/2017\/03\/aurora-1.jpg?id=1800) !important;background-position: center !important;background-repeat: no-repeat !important;background-size: cover !important;}\u00bb][vc_column][vc_column_text]<\/p>\n<h1 style=\"text-align: center; color: #ffffff; font-size: 74px;\">Nuestra empresa<\/h1>\n<p>[\/vc_column_text][\/vc_column][\/vc_row][vc_row full_width=\u00bbstretch_row\u00bb css=\u00bb.vc_custom_1497526220535{padding-top: 100px !important;padding-bottom: 100px !important;background-color: #ffffff !important;background-position: center !important;background-repeat: no-repeat !important;background-size: cover !important;}\u00bb][vc_column][vc_column_text]<\/p>\n<h2><span style=\"font-size: 16px; color: #333333;\"><span style=\"font-weight: 400;\">Aurora Global es una exitosa y creciente agencia de consultor\u00eda especializada en estrategia, marketing y digital para ayudarte a ti y a tu negocio a liberar todo su potencial, fundada en San Diego en 2016.<\/span><\/span><\/h2>\n<p>&nbsp;<\/p>\n<h2>Tenemos dos divisiones<\/h2>\n<p><img loading=\"lazy\" decoding=\"async\" class=\"alignnone size-full wp-image-1797\" src=\"https:\/\/www.auroraglobalgroup.com\/wp-content\/uploads\/2017\/03\/logo-a-horiz.png\" alt=\"\" width=\"115\" height=\"42\" \/><\/p>\n<p><span style=\"font-weight: 400;\">Equipo creativo dedicado a apoyar a peque\u00f1as y grandes empresas con ideas incre\u00edbles. Estamos listos para llevar tu negocio al mundo digital.<\/span><\/p>\n<p><a href=\"http:\/\/auroraglobalgroup.com\/about-us\/our-divisions\/aurora\/\">Descubre m\u00e1s<\/a><\/p>\n<p>&nbsp;<\/p>\n<p><img loading=\"lazy\" decoding=\"async\" class=\"alignnone size-full wp-image-1796\" src=\"https:\/\/www.auroraglobalgroup.com\/wp-content\/uploads\/2017\/03\/logo-ah-horiz.png\" alt=\"\" width=\"195\" height=\"42\" \/><\/p>\n<p>Equipo de expertos dedicado al sector salud, desde startups hasta empresas en crecimiento de biotecnolog\u00eda, farmac\u00e9uticas, dispositivos m\u00e9dicos y servicios de salud. Somos tu equipo de marketing.<br \/>\n<a href=\"http:\/\/auroraglobalgroup.com\/about-us\/our-divisions\/aurora-health\/\">Descubre m\u00e1s<\/a><\/p>\n<p>&nbsp;<\/p>\n<h2><\/h2>\n<h2><\/h2>\n<h2>Tenemos un programa social<\/h2>\n<p><img loading=\"lazy\" decoding=\"async\" class=\"alignnone size-full wp-image-1884\" src=\"https:\/\/www.auroraglobalgroup.com\/wp-content\/uploads\/2016\/11\/logo-aurora-women.png\" alt=\"\" width=\"198\" height=\"42\" \/><\/p>\n<p><span style=\"font-weight: 400;\">A trav\u00e9s de nuestro programa social Aurora Women, damos soporte a las mujeres empresarias para dise\u00f1ar su plan de negocio, crecimiento y triunfar a\u00fan m\u00e1s.<\/span><\/p>\n<p><a href=\"http:\/\/auroraglobalgroup.com\/about-us\/our-divisions\/aurora-women\/\">Descubre m\u00e1s<\/a>[\/vc_column_text][\/vc_column][\/vc_row][vc_row full_width=\u00bbstretch_row\u00bb css=\u00bb.vc_custom_1677167527692{padding-top: 100px !important;padding-bottom: 100px !important;background-image: url(https:\/\/www.auroraglobalgroup.com\/wp-content\/uploads\/2023\/02\/Our-company-scaled.jpg?id=4826) !important;background-position: center !important;background-repeat: no-repeat !important;background-size: cover !important;}\u00bb][vc_column][vc_column_text]<\/p>\n<h2 style=\"text-align: center; color: #ffffff; font-size: 30px;\">Nos enfocamos en 8 \u00e1reas<\/h2>\n<p style=\"text-align: center; color: #fff;\">Desarrollo de estrategia empresarial<br \/>\nDise\u00f1o e implementaci\u00f3n de plan de marketing<br \/>\nGesti\u00f3n de Gabinete de prensa<br \/>\n<span style=\"text-align: center;\">Branding e Identidad Corporativa<br \/>\nCreaci\u00f3n de estrategia digital<br \/>\nDesarrollo de webs, tiendas online y aplicaciones<br \/>\nGesti\u00f3n de redes sociales<br \/>\nCoaching &amp; formaci\u00f3n<\/span><\/p>\n<p>[\/vc_column_text][\/vc_column][\/vc_row][vc_row full_width=\u00bbstretch_row\u00bb css=\u00bb.vc_custom_1497526220535{padding-top: 100px !important;padding-bottom: 100px !important;background-color: #ffffff !important;background-position: center !important;background-repeat: no-repeat !important;background-size: cover !important;}\u00bb][vc_column][vc_column_text]<span style=\"font-weight: 400;\">Buscamos empresarios y empresas en crecimiento que deseen superar sus expectativas, que crean en un mundo mejor y que quieran generar un impacto positivo. Queremos asociarnos contigo porque somos igual de apasionados por tu negocio que t\u00fa.<\/span><\/p>\n<p><span style=\"font-weight: 400;\">Estamos comprometidos con tu \u00e9xito, desde nuestras oficinas en Barcelona (Espa\u00f1a) y San Diego (EE. UU.), trabajando localmente para un impacto global.<\/span>[\/vc_column_text][\/vc_column][\/vc_row]<\/p>\n<\/div>","protected":false},"excerpt":{"rendered":"<p>[vc_row full_width=\u00bbstretch_row\u00bb css=\u00bb.vc_custom_1497612642066{padding-top: 100px !important;padding-bottom: 100px !important;background-image: url(http:\/\/auroraglobalgroup.com\/wp-content\/uploads\/2017\/03\/aurora-1.jpg?id=1800) !important;background-position: center !important;background-repeat: no-repeat !important;background-size: cover !important;}\u00bb][vc_column][vc_column_text] Nuestra empresa [\/vc_column_text][\/vc_column][\/vc_row][vc_row full_width=\u00bbstretch_row\u00bb css=\u00bb.vc_custom_1497526220535{padding-top: [&hellip;]<\/p>\n","protected":false},"author":1,"featured_media":0,"parent":0,"menu_order":5,"comment_status":"closed","ping_status":"closed","template":"","meta":{"footnotes":""},"class_list":["post-4716","page","type-page","status-publish","hentry"],"yoast_head":"<!-- This site is optimized with the Yoast SEO plugin v26.8 - https:\/\/yoast.com\/product\/yoast-seo-wordpress\/ -->\n<title>Sobre Nosotros Aurora Global Group | Tus Socios en Marketing Digital<\/title>\n<meta name=\"description\" content=\"Descubre el camino de Aurora Global Group, estamos dedicados a potenciar negocios con estrategias de marketing digital innovadoras.\" \/>\n<meta name=\"robots\" content=\"index, follow, max-snippet:-1, max-image-preview:large, max-video-preview:-1\" \/>\n<link rel=\"canonical\" href=\"https:\/\/www.auroraglobalgroup.com\/es\/about-us\/\" \/>\n<meta property=\"og:locale\" content=\"es_ES\" \/>\n<meta property=\"og:type\" content=\"article\" \/>\n<meta property=\"og:title\" content=\"Sobre Nosotros Aurora Global Group | Tus Socios en Marketing Digital\" \/>\n<meta property=\"og:description\" content=\"Descubre el camino de Aurora Global Group, estamos dedicados a potenciar negocios con estrategias de marketing digital innovadoras.\" \/>\n<meta property=\"og:url\" content=\"https:\/\/www.auroraglobalgroup.com\/es\/about-us\/\" \/>\n<meta property=\"article:publisher\" content=\"https:\/\/www.facebook.com\/auroraglobalgroup\/\" \/>\n<meta property=\"article:modified_time\" content=\"2024-02-20T12:37:31+00:00\" \/>\n<meta property=\"og:image\" content=\"http:\/\/www.auroraglobalgroup.com\/wp-content\/uploads\/2017\/03\/logo-a-horiz.png\" \/>\n<meta name=\"twitter:card\" content=\"summary_large_image\" \/>\n<meta name=\"twitter:site\" content=\"@global_aurora\" \/>\n<meta name=\"twitter:label1\" content=\"Tiempo de lectura\" \/>\n\t<meta name=\"twitter:data1\" content=\"2 minutos\" \/>\n<script type=\"application\/ld+json\" class=\"yoast-schema-graph\">{\"@context\":\"https:\/\/schema.org\",\"@graph\":[{\"@type\":\"WebPage\",\"@id\":\"https:\/\/www.auroraglobalgroup.com\/es\/about-us\/\",\"url\":\"https:\/\/www.auroraglobalgroup.com\/es\/about-us\/\",\"name\":\"Sobre Nosotros Aurora Global Group | Tus Socios en Marketing Digital\",\"isPartOf\":{\"@id\":\"https:\/\/www.auroraglobalgroup.com\/es\/#website\"},\"primaryImageOfPage\":{\"@id\":\"https:\/\/www.auroraglobalgroup.com\/es\/about-us\/#primaryimage\"},\"image\":{\"@id\":\"https:\/\/www.auroraglobalgroup.com\/es\/about-us\/#primaryimage\"},\"thumbnailUrl\":\"https:\/\/www.auroraglobalgroup.com\/wp-content\/uploads\/2017\/03\/logo-a-horiz.png\",\"datePublished\":\"2017-06-16T11:22:14+00:00\",\"dateModified\":\"2024-02-20T12:37:31+00:00\",\"description\":\"Descubre el camino de Aurora Global Group, estamos dedicados a potenciar negocios con estrategias de marketing digital innovadoras.\",\"breadcrumb\":{\"@id\":\"https:\/\/www.auroraglobalgroup.com\/es\/about-us\/#breadcrumb\"},\"inLanguage\":\"es\",\"potentialAction\":[{\"@type\":\"ReadAction\",\"target\":[\"https:\/\/www.auroraglobalgroup.com\/es\/about-us\/\"]}]},{\"@type\":\"ImageObject\",\"inLanguage\":\"es\",\"@id\":\"https:\/\/www.auroraglobalgroup.com\/es\/about-us\/#primaryimage\",\"url\":\"https:\/\/www.auroraglobalgroup.com\/wp-content\/uploads\/2017\/03\/logo-a-horiz.png\",\"contentUrl\":\"https:\/\/www.auroraglobalgroup.com\/wp-content\/uploads\/2017\/03\/logo-a-horiz.png\"},{\"@type\":\"BreadcrumbList\",\"@id\":\"https:\/\/www.auroraglobalgroup.com\/es\/about-us\/#breadcrumb\",\"itemListElement\":[{\"@type\":\"ListItem\",\"position\":1,\"name\":\"Home\",\"item\":\"https:\/\/www.auroraglobalgroup.com\/es\/\"},{\"@type\":\"ListItem\",\"position\":2,\"name\":\"Sobre nosotros\"}]},{\"@type\":\"WebSite\",\"@id\":\"https:\/\/www.auroraglobalgroup.com\/es\/#website\",\"url\":\"https:\/\/www.auroraglobalgroup.com\/es\/\",\"name\":\"Auroraglobalgroup\",\"description\":\"\",\"publisher\":{\"@id\":\"https:\/\/www.auroraglobalgroup.com\/es\/#organization\"},\"potentialAction\":[{\"@type\":\"SearchAction\",\"target\":{\"@type\":\"EntryPoint\",\"urlTemplate\":\"https:\/\/www.auroraglobalgroup.com\/es\/?s={search_term_string}\"},\"query-input\":{\"@type\":\"PropertyValueSpecification\",\"valueRequired\":true,\"valueName\":\"search_term_string\"}}],\"inLanguage\":\"es\"},{\"@type\":\"Organization\",\"@id\":\"https:\/\/www.auroraglobalgroup.com\/es\/#organization\",\"name\":\"Aurora Global Group\",\"url\":\"https:\/\/www.auroraglobalgroup.com\/es\/\",\"logo\":{\"@type\":\"ImageObject\",\"inLanguage\":\"es\",\"@id\":\"https:\/\/www.auroraglobalgroup.com\/es\/#\/schema\/logo\/image\/\",\"url\":\"https:\/\/www.auroraglobalgroup.com\/wp-content\/uploads\/2017\/02\/aurora-expertise.png\",\"contentUrl\":\"https:\/\/www.auroraglobalgroup.com\/wp-content\/uploads\/2017\/02\/aurora-expertise.png\",\"width\":389,\"height\":120,\"caption\":\"Aurora Global Group\"},\"image\":{\"@id\":\"https:\/\/www.auroraglobalgroup.com\/es\/#\/schema\/logo\/image\/\"},\"sameAs\":[\"https:\/\/www.facebook.com\/auroraglobalgroup\/\",\"https:\/\/x.com\/global_aurora\",\"https:\/\/es.linkedin.com\/company\/aurora-global-group\"]}]}<\/script>\n<!-- \/ Yoast SEO plugin. -->","yoast_head_json":{"title":"Sobre Nosotros Aurora Global Group | Tus Socios en Marketing Digital","description":"Descubre el camino de Aurora Global Group, estamos dedicados a potenciar negocios con estrategias de marketing digital innovadoras.","robots":{"index":"index","follow":"follow","max-snippet":"max-snippet:-1","max-image-preview":"max-image-preview:large","max-video-preview":"max-video-preview:-1"},"canonical":"https:\/\/www.auroraglobalgroup.com\/es\/about-us\/","og_locale":"es_ES","og_type":"article","og_title":"Sobre Nosotros Aurora Global Group | Tus Socios en Marketing Digital","og_description":"Descubre el camino de Aurora Global Group, estamos dedicados a potenciar negocios con estrategias de marketing digital innovadoras.","og_url":"https:\/\/www.auroraglobalgroup.com\/es\/about-us\/","article_publisher":"https:\/\/www.facebook.com\/auroraglobalgroup\/","article_modified_time":"2024-02-20T12:37:31+00:00","og_image":[{"url":"http:\/\/www.auroraglobalgroup.com\/wp-content\/uploads\/2017\/03\/logo-a-horiz.png","type":"","width":"","height":""}],"twitter_card":"summary_large_image","twitter_site":"@global_aurora","twitter_misc":{"Tiempo de lectura":"2 minutos"},"schema":{"@context":"https:\/\/schema.org","@graph":[{"@type":"WebPage","@id":"https:\/\/www.auroraglobalgroup.com\/es\/about-us\/","url":"https:\/\/www.auroraglobalgroup.com\/es\/about-us\/","name":"Sobre Nosotros Aurora Global Group | Tus Socios en Marketing Digital","isPartOf":{"@id":"https:\/\/www.auroraglobalgroup.com\/es\/#website"},"primaryImageOfPage":{"@id":"https:\/\/www.auroraglobalgroup.com\/es\/about-us\/#primaryimage"},"image":{"@id":"https:\/\/www.auroraglobalgroup.com\/es\/about-us\/#primaryimage"},"thumbnailUrl":"https:\/\/www.auroraglobalgroup.com\/wp-content\/uploads\/2017\/03\/logo-a-horiz.png","datePublished":"2017-06-16T11:22:14+00:00","dateModified":"2024-02-20T12:37:31+00:00","description":"Descubre el camino de Aurora Global Group, estamos dedicados a potenciar negocios con estrategias de marketing digital innovadoras.","breadcrumb":{"@id":"https:\/\/www.auroraglobalgroup.com\/es\/about-us\/#breadcrumb"},"inLanguage":"es","potentialAction":[{"@type":"ReadAction","target":["https:\/\/www.auroraglobalgroup.com\/es\/about-us\/"]}]},{"@type":"ImageObject","inLanguage":"es","@id":"https:\/\/www.auroraglobalgroup.com\/es\/about-us\/#primaryimage","url":"https:\/\/www.auroraglobalgroup.com\/wp-content\/uploads\/2017\/03\/logo-a-horiz.png","contentUrl":"https:\/\/www.auroraglobalgroup.com\/wp-content\/uploads\/2017\/03\/logo-a-horiz.png"},{"@type":"BreadcrumbList","@id":"https:\/\/www.auroraglobalgroup.com\/es\/about-us\/#breadcrumb","itemListElement":[{"@type":"ListItem","position":1,"name":"Home","item":"https:\/\/www.auroraglobalgroup.com\/es\/"},{"@type":"ListItem","position":2,"name":"Sobre nosotros"}]},{"@type":"WebSite","@id":"https:\/\/www.auroraglobalgroup.com\/es\/#website","url":"https:\/\/www.auroraglobalgroup.com\/es\/","name":"Auroraglobalgroup","description":"","publisher":{"@id":"https:\/\/www.auroraglobalgroup.com\/es\/#organization"},"potentialAction":[{"@type":"SearchAction","target":{"@type":"EntryPoint","urlTemplate":"https:\/\/www.auroraglobalgroup.com\/es\/?s={search_term_string}"},"query-input":{"@type":"PropertyValueSpecification","valueRequired":true,"valueName":"search_term_string"}}],"inLanguage":"es"},{"@type":"Organization","@id":"https:\/\/www.auroraglobalgroup.com\/es\/#organization","name":"Aurora Global Group","url":"https:\/\/www.auroraglobalgroup.com\/es\/","logo":{"@type":"ImageObject","inLanguage":"es","@id":"https:\/\/www.auroraglobalgroup.com\/es\/#\/schema\/logo\/image\/","url":"https:\/\/www.auroraglobalgroup.com\/wp-content\/uploads\/2017\/02\/aurora-expertise.png","contentUrl":"https:\/\/www.auroraglobalgroup.com\/wp-content\/uploads\/2017\/02\/aurora-expertise.png","width":389,"height":120,"caption":"Aurora Global Group"},"image":{"@id":"https:\/\/www.auroraglobalgroup.com\/es\/#\/schema\/logo\/image\/"},"sameAs":["https:\/\/www.facebook.com\/auroraglobalgroup\/","https:\/\/x.com\/global_aurora","https:\/\/es.linkedin.com\/company\/aurora-global-group"]}]}},"_links":{"self":[{"href":"https:\/\/www.auroraglobalgroup.com\/es\/wp-json\/wp\/v2\/pages\/4716","targetHints":{"allow":["GET"]}}],"collection":[{"href":"https:\/\/www.auroraglobalgroup.com\/es\/wp-json\/wp\/v2\/pages"}],"about":[{"href":"https:\/\/www.auroraglobalgroup.com\/es\/wp-json\/wp\/v2\/types\/page"}],"author":[{"embeddable":true,"href":"https:\/\/www.auroraglobalgroup.com\/es\/wp-json\/wp\/v2\/users\/1"}],"replies":[{"embeddable":true,"href":"https:\/\/www.auroraglobalgroup.com\/es\/wp-json\/wp\/v2\/comments?post=4716"}],"version-history":[{"count":12,"href":"https:\/\/www.auroraglobalgroup.com\/es\/wp-json\/wp\/v2\/pages\/4716\/revisions"}],"predecessor-version":[{"id":5322,"href":"https:\/\/www.auroraglobalgroup.com\/es\/wp-json\/wp\/v2\/pages\/4716\/revisions\/5322"}],"wp:attachment":[{"href":"https:\/\/www.auroraglobalgroup.com\/es\/wp-json\/wp\/v2\/media?parent=4716"}],"curies":[{"name":"wp","href":"https:\/\/api.w.org\/{rel}","templated":true}]}}