{"id":4718,"date":"2017-02-26T20:01:56","date_gmt":"2017-02-26T20:01:56","guid":{"rendered":"https:\/\/www.auroraglobalgroup.com\/aurora\/"},"modified":"2024-02-21T09:30:03","modified_gmt":"2024-02-21T09:30:03","slug":"aurora-2","status":"publish","type":"page","link":"https:\/\/www.auroraglobalgroup.com\/es\/about-us\/our-divisions\/aurora-2\/","title":{"rendered":"Aurora"},"content":{"rendered":"<div class=\"wpb-content-wrapper\"><p>[vc_row equal_height=\u00bbyes\u00bb content_placement=\u00bbmiddle\u00bb css=\u00bb.vc_custom_1508426028854{padding-top: 80px !important;}\u00bb][vc_column width=\u00bb5\/12&#8243;][vc_single_image image=\u00bb3737&#8243; img_size=\u00bbfull\u00bb alignment=\u00bbcenter\u00bb][\/vc_column][vc_column width=\u00bb7\/12&#8243;][vc_column_text]<\/p>\n<h1>Estrategia, marketing y digital para empresas con <strong>GRANDES ideas.<\/strong><\/h1>\n<p>[\/vc_column_text][\/vc_column][\/vc_row][vc_row full_width=\u00bbstretch_row\u00bb css=\u00bb.vc_custom_1508426715156{padding-top: 28% !important;padding-bottom: 15% !important;background-image: url(http:\/\/auroraglobalgroup.com\/wp-content\/uploads\/2017\/02\/landing-Aurora-expertise.jpg?id=2340) !important;background-position: center !important;background-repeat: no-repeat !important;background-size: cover !important;}\u00bb][vc_column][vc_column_text]<\/p>\n<p style=\"text-align: center;\"><span style=\"font-size: 24px;\"><strong><span style=\"color: #ffffff;\">La pasi\u00f3n de Aurora es definir tu estrategia,<\/span><\/strong><\/span><br \/>\n<span style=\"font-size: 24px;\"><strong><span style=\"color: #ffffff;\">dise\u00f1ar tu plan de marketing y especialmente<\/span><\/strong><\/span><br \/>\n<span style=\"font-size: 24px;\"><strong><span style=\"color: #ffffff;\">digitalizar tu negocio.<\/span><\/strong><\/span><\/p>\n<p>[\/vc_column_text][\/vc_column][\/vc_row][vc_row][vc_column css=\u00bb.vc_custom_1508427400167{padding-top: 60px !important;padding-right: 10% !important;padding-bottom: 60px !important;padding-left: 10% !important;}\u00bb][vc_column_text]<\/p>\n<p style=\"text-align: center;\"><span style=\"font-size: 24px;\">El idioma clave hoy en d\u00eda es el lenguaje Digital. Un componente cr\u00edtico de la competitividad hoy en d\u00eda es la tecnolog\u00eda.<\/span><\/p>\n<p>&nbsp;<\/p>\n<p style=\"text-align: center;\"><span style=\"font-size: 28px; color: #c54190;\">Sin embargo, <strong>la <span style=\"font-size: 32px;\">tecnolog\u00eda<\/span> no te hace digital.<\/strong><\/span><\/p>\n<p>[\/vc_column_text][\/vc_column][\/vc_row][vc_row full_width=\u00bbstretch_row\u00bb css=\u00bb.vc_custom_1508427465498{padding-top: 60px !important;padding-bottom: 60px !important;background-color: #c54190 !important;}\u00bb][vc_column css=\u00bb.vc_custom_1508427558446{padding-right: 20% !important;padding-left: 20% !important;}\u00bb][vc_column_text]<\/p>\n<p style=\"text-align: center;\"><span style=\"font-size: 24px; color: #ffffff;\">Tu empresa, tu marca, requieren de una estrategia digital, una presencia digital, un plan digital y una excelente gesti\u00f3n de tus canales digitales<\/span><\/p>\n<p>[\/vc_column_text][\/vc_column][\/vc_row][vc_row equal_height=\u00bbyes\u00bb content_placement=\u00bbmiddle\u00bb css=\u00bb.vc_custom_1508428450436{padding-top: 50px !important;padding-bottom: 50px !important;}\u00bb][vc_column width=\u00bb1\/12&#8243; offset=\u00bbvc_col-md-2 vc_hidden-xs\u00bb][vc_single_image image=\u00bb3781&#8243; img_size=\u00bbfull\u00bb alignment=\u00bbcenter\u00bb css_animation=\u00bbfadeInLeft\u00bb][\/vc_column][vc_column width=\u00bb5\/6&#8243; offset=\u00bbvc_col-md-8&#8243;][vc_column_text]<\/p>\n<p style=\"text-align: center;\"><span style=\"font-weight: 400;\">Los negocios son digitales. Si no tienes presencia digital, est\u00e1s perdiendo oportunidades de crecimiento. Si tu presencia es d\u00e9bil, tus competidores te devorar\u00e1n<\/span><span style=\"font-weight: 400;\">, \u00a1as\u00ed que mant\u00e9n a tus clientes actuales y capta a tus nuevos clientes potenciales!<\/span><\/p>\n<p style=\"text-align: center;\"><b>Digitalizar tu negocio<\/b><span style=\"font-weight: 400;\"> significa involucrarte con tus clientes de forma virtual. La experiencia del usuario es crucial, conectando a tus clientes con tu marca y los valores que representa. <\/span><\/p>\n<p style=\"text-align: center;\"><span style=\"font-weight: 400;\">Adem\u00e1s, los negocios se est\u00e1n volviendo virtuales. Aprovecha el nuevo entorno y gana dinero mientras duermes. <\/span><\/p>\n<p>[\/vc_column_text][\/vc_column][vc_column width=\u00bb1\/12&#8243; offset=\u00bbvc_col-md-2 vc_hidden-xs\u00bb][vc_single_image image=\u00bb3782&#8243; img_size=\u00bbfull\u00bb alignment=\u00bbcenter\u00bb css_animation=\u00bbfadeInRight\u00bb][\/vc_column][\/vc_row][vc_row full_width=\u00bbstretch_row\u00bb css=\u00bb.vc_custom_1508428522040{padding-top: 20px !important;padding-bottom: 40px !important;background-color: #c54190 !important;}\u00bb][vc_column][vc_column_text]<\/p>\n<h2 style=\"text-align: center;\"><span style=\"color: #ffffff;\">Queremos asociarnos contigo. Somos TU equipo de marketing.<\/span><\/h2>\n<p>[\/vc_column_text][vc_row_inner][vc_column_inner offset=\u00bbvc_col-md-6&#8243;][vc_column_text]<\/p>\n<p style=\"text-align: left;\"><span style=\"color: #ffffff;\">\u00bfCu\u00e1l es tu desaf\u00edo empresarial? Cu\u00e9ntanoslo.<\/span><\/p>\n<p>[\/vc_column_text][\/vc_column_inner][vc_column_inner offset=\u00bbvc_col-md-6&#8243;]\n<div class=\"wpcf7 no-js\" id=\"wpcf7-f1623-o1\" lang=\"en-US\" dir=\"ltr\" data-wpcf7-id=\"1623\">\n<div class=\"screen-reader-response\"><p role=\"status\" aria-live=\"polite\" aria-atomic=\"true\"><\/p> <ul><\/ul><\/div>\n<form action=\"\/es\/wp-json\/wp\/v2\/pages\/4718#wpcf7-f1623-o1\" method=\"post\" class=\"wpcf7-form init\" aria-label=\"Contact form\" novalidate=\"novalidate\" data-status=\"init\">\n<fieldset class=\"hidden-fields-container\"><input type=\"hidden\" name=\"_wpcf7\" value=\"1623\" \/><input type=\"hidden\" name=\"_wpcf7_version\" value=\"6.1.5\" \/><input type=\"hidden\" name=\"_wpcf7_locale\" value=\"en_US\" \/><input type=\"hidden\" name=\"_wpcf7_unit_tag\" value=\"wpcf7-f1623-o1\" \/><input type=\"hidden\" name=\"_wpcf7_container_post\" value=\"0\" \/><input type=\"hidden\" name=\"_wpcf7_posted_data_hash\" value=\"\" \/>\n<\/fieldset>\n<div class=\"row\">\n\t<div class=\"col-sm-6\">\n\t\t<p><span class=\"wpcf7-form-control-wrap\" data-name=\"text-363\"><input size=\"40\" maxlength=\"400\" class=\"wpcf7-form-control wpcf7-text wpcf7-validates-as-required form-control\" aria-required=\"true\" aria-invalid=\"false\" placeholder=\"Name *\" value=\"\" type=\"text\" name=\"text-363\" \/><\/span><br \/>\n<span class=\"wpcf7-form-control-wrap\" data-name=\"email-97\"><input size=\"40\" maxlength=\"400\" class=\"wpcf7-form-control wpcf7-email wpcf7-validates-as-required wpcf7-text wpcf7-validates-as-email form-control\" aria-required=\"true\" aria-invalid=\"false\" placeholder=\"Email *\" value=\"\" type=\"email\" name=\"email-97\" \/><\/span><br \/>\n<span class=\"wpcf7-form-control-wrap\" data-name=\"text-364\"><input size=\"40\" maxlength=\"400\" class=\"wpcf7-form-control wpcf7-text form-control\" aria-invalid=\"false\" placeholder=\"Subject *\" value=\"\" type=\"text\" name=\"text-364\" \/><\/span>\n\t\t<\/p>\n\t<\/div>\n\t<div class=\"col-sm-6\">\n\t\t<p><span class=\"wpcf7-form-control-wrap\" data-name=\"textarea-883\"><textarea cols=\"40\" rows=\"10\" maxlength=\"2000\" class=\"wpcf7-form-control wpcf7-textarea form-control\" aria-invalid=\"false\" placeholder=\"Message *\" name=\"textarea-883\"><\/textarea><\/span><br \/>\n<div id=\"cf7sr-69de275075560\" class=\"cf7sr-g-recaptcha\" data-theme=\"light\" data-type=\"image\" data-size=\"normal\" data-sitekey=\"6LeMwocUAAAAACvc3beqPbcupCMAD0zHWBRaBUst\"><\/div><span class=\"wpcf7-form-control-wrap cf7sr-recaptcha\" data-name=\"cf7sr-recaptcha\"><input type=\"hidden\" name=\"cf7sr-recaptcha\" value=\"\" class=\"wpcf7-form-control\"><\/span><br \/>\n<span id=\"wpcf7-69de27507537e-wrapper\" class=\"wpcf7-form-control-wrap honeypot-838-wrap\" style=\"display:none !important; visibility:hidden !important;\"><input type=\"hidden\" name=\"honeypot-838-time-start\" value=\"1776166736\"><input type=\"hidden\" name=\"honeypot-838-time-check\" value=\"6\"><input id=\"hon\"  class=\"wpcf7-form-control wpcf7-text\" type=\"text\" name=\"honeypot-838\" value=\"\" size=\"40\" tabindex=\"-1\" autocomplete=\"new-password\" \/><\/span>\n\t\t<\/p>\n\t<\/div>\n<\/div>\n<p><input class=\"wpcf7-form-control wpcf7-submit has-spinner btn btn-warning\" type=\"submit\" value=\"Send\" \/>\n<\/p><div class=\"wpcf7-response-output\" aria-hidden=\"true\"><\/div>\n<\/form>\n<\/div>\n[\/vc_column_inner][\/vc_row_inner][\/vc_column][\/vc_row]<\/p>\n<\/div>","protected":false},"excerpt":{"rendered":"<p>[vc_row equal_height=\u00bbyes\u00bb content_placement=\u00bbmiddle\u00bb css=\u00bb.vc_custom_1508426028854{padding-top: 80px !important;}\u00bb][vc_column width=\u00bb5\/12&#8243;][vc_single_image image=\u00bb3737&#8243; img_size=\u00bbfull\u00bb alignment=\u00bbcenter\u00bb][\/vc_column][vc_column width=\u00bb7\/12&#8243;][vc_column_text] Estrategia, marketing y digital para empresas con GRANDES ideas. [&hellip;]<\/p>\n","protected":false},"author":1,"featured_media":0,"parent":4722,"menu_order":13,"comment_status":"closed","ping_status":"closed","template":"landing.php","meta":{"footnotes":""},"class_list":["post-4718","page","type-page","status-publish","hentry"],"yoast_head":"<!-- This site is optimized with the Yoast SEO plugin v26.8 - https:\/\/yoast.com\/product\/yoast-seo-wordpress\/ -->\n<title>Aurora: potenciamos el crecimiento empresarial local - Aurora Global Group<\/title>\n<meta name=\"description\" content=\"Descubre la dedicaci\u00f3n de Aurora con las empresas locales listas para crecer. Explora los servicios dise\u00f1ados para mejorar tu negocio en Aurora Global Group.\" \/>\n<meta name=\"robots\" content=\"index, follow, max-snippet:-1, max-image-preview:large, max-video-preview:-1\" \/>\n<link rel=\"canonical\" href=\"https:\/\/www.auroraglobalgroup.com\/es\/about-us\/our-divisions\/aurora-2\/\" \/>\n<meta property=\"og:locale\" content=\"es_ES\" \/>\n<meta property=\"og:type\" content=\"article\" \/>\n<meta property=\"og:title\" content=\"Aurora: potenciamos el crecimiento empresarial local - Aurora Global Group\" \/>\n<meta property=\"og:description\" content=\"Descubre la dedicaci\u00f3n de Aurora con las empresas locales listas para crecer. Explora los servicios dise\u00f1ados para mejorar tu negocio en Aurora Global Group.\" \/>\n<meta property=\"og:url\" content=\"https:\/\/www.auroraglobalgroup.com\/es\/about-us\/our-divisions\/aurora-2\/\" \/>\n<meta property=\"article:publisher\" content=\"https:\/\/www.facebook.com\/auroraglobalgroup\/\" \/>\n<meta property=\"article:modified_time\" content=\"2024-02-21T09:30:03+00:00\" \/>\n<meta name=\"twitter:card\" content=\"summary_large_image\" \/>\n<meta name=\"twitter:site\" content=\"@global_aurora\" \/>\n<meta name=\"twitter:label1\" content=\"Tiempo de lectura\" \/>\n\t<meta name=\"twitter:data1\" content=\"2 minutos\" \/>\n<script type=\"application\/ld+json\" class=\"yoast-schema-graph\">{\"@context\":\"https:\/\/schema.org\",\"@graph\":[{\"@type\":\"WebPage\",\"@id\":\"https:\/\/www.auroraglobalgroup.com\/es\/about-us\/our-divisions\/aurora-2\/\",\"url\":\"https:\/\/www.auroraglobalgroup.com\/es\/about-us\/our-divisions\/aurora-2\/\",\"name\":\"Aurora: potenciamos el crecimiento empresarial local - Aurora Global Group\",\"isPartOf\":{\"@id\":\"https:\/\/www.auroraglobalgroup.com\/es\/#website\"},\"datePublished\":\"2017-02-26T20:01:56+00:00\",\"dateModified\":\"2024-02-21T09:30:03+00:00\",\"description\":\"Descubre la dedicaci\u00f3n de Aurora con las empresas locales listas para crecer. Explora los servicios dise\u00f1ados para mejorar tu negocio en Aurora Global Group.\",\"breadcrumb\":{\"@id\":\"https:\/\/www.auroraglobalgroup.com\/es\/about-us\/our-divisions\/aurora-2\/#breadcrumb\"},\"inLanguage\":\"es\",\"potentialAction\":[{\"@type\":\"ReadAction\",\"target\":[\"https:\/\/www.auroraglobalgroup.com\/es\/about-us\/our-divisions\/aurora-2\/\"]}]},{\"@type\":\"BreadcrumbList\",\"@id\":\"https:\/\/www.auroraglobalgroup.com\/es\/about-us\/our-divisions\/aurora-2\/#breadcrumb\",\"itemListElement\":[{\"@type\":\"ListItem\",\"position\":1,\"name\":\"Home\",\"item\":\"https:\/\/www.auroraglobalgroup.com\/es\/\"},{\"@type\":\"ListItem\",\"position\":2,\"name\":\"Sobre nosotros\",\"item\":\"https:\/\/www.auroraglobalgroup.com\/es\/about-us\/\"},{\"@type\":\"ListItem\",\"position\":3,\"name\":\"Nuestras Divisiones\",\"item\":\"https:\/\/www.auroraglobalgroup.com\/es\/about-us\/our-divisions\/\"},{\"@type\":\"ListItem\",\"position\":4,\"name\":\"Aurora\"}]},{\"@type\":\"WebSite\",\"@id\":\"https:\/\/www.auroraglobalgroup.com\/es\/#website\",\"url\":\"https:\/\/www.auroraglobalgroup.com\/es\/\",\"name\":\"Auroraglobalgroup\",\"description\":\"\",\"publisher\":{\"@id\":\"https:\/\/www.auroraglobalgroup.com\/es\/#organization\"},\"potentialAction\":[{\"@type\":\"SearchAction\",\"target\":{\"@type\":\"EntryPoint\",\"urlTemplate\":\"https:\/\/www.auroraglobalgroup.com\/es\/?s={search_term_string}\"},\"query-input\":{\"@type\":\"PropertyValueSpecification\",\"valueRequired\":true,\"valueName\":\"search_term_string\"}}],\"inLanguage\":\"es\"},{\"@type\":\"Organization\",\"@id\":\"https:\/\/www.auroraglobalgroup.com\/es\/#organization\",\"name\":\"Aurora Global Group\",\"url\":\"https:\/\/www.auroraglobalgroup.com\/es\/\",\"logo\":{\"@type\":\"ImageObject\",\"inLanguage\":\"es\",\"@id\":\"https:\/\/www.auroraglobalgroup.com\/es\/#\/schema\/logo\/image\/\",\"url\":\"https:\/\/www.auroraglobalgroup.com\/wp-content\/uploads\/2017\/02\/aurora-expertise.png\",\"contentUrl\":\"https:\/\/www.auroraglobalgroup.com\/wp-content\/uploads\/2017\/02\/aurora-expertise.png\",\"width\":389,\"height\":120,\"caption\":\"Aurora Global Group\"},\"image\":{\"@id\":\"https:\/\/www.auroraglobalgroup.com\/es\/#\/schema\/logo\/image\/\"},\"sameAs\":[\"https:\/\/www.facebook.com\/auroraglobalgroup\/\",\"https:\/\/x.com\/global_aurora\",\"https:\/\/es.linkedin.com\/company\/aurora-global-group\"]}]}<\/script>\n<!-- \/ Yoast SEO plugin. -->","yoast_head_json":{"title":"Aurora: potenciamos el crecimiento empresarial local - Aurora Global Group","description":"Descubre la dedicaci\u00f3n de Aurora con las empresas locales listas para crecer. Explora los servicios dise\u00f1ados para mejorar tu negocio en Aurora Global Group.","robots":{"index":"index","follow":"follow","max-snippet":"max-snippet:-1","max-image-preview":"max-image-preview:large","max-video-preview":"max-video-preview:-1"},"canonical":"https:\/\/www.auroraglobalgroup.com\/es\/about-us\/our-divisions\/aurora-2\/","og_locale":"es_ES","og_type":"article","og_title":"Aurora: potenciamos el crecimiento empresarial local - Aurora Global Group","og_description":"Descubre la dedicaci\u00f3n de Aurora con las empresas locales listas para crecer. Explora los servicios dise\u00f1ados para mejorar tu negocio en Aurora Global Group.","og_url":"https:\/\/www.auroraglobalgroup.com\/es\/about-us\/our-divisions\/aurora-2\/","article_publisher":"https:\/\/www.facebook.com\/auroraglobalgroup\/","article_modified_time":"2024-02-21T09:30:03+00:00","twitter_card":"summary_large_image","twitter_site":"@global_aurora","twitter_misc":{"Tiempo de lectura":"2 minutos"},"schema":{"@context":"https:\/\/schema.org","@graph":[{"@type":"WebPage","@id":"https:\/\/www.auroraglobalgroup.com\/es\/about-us\/our-divisions\/aurora-2\/","url":"https:\/\/www.auroraglobalgroup.com\/es\/about-us\/our-divisions\/aurora-2\/","name":"Aurora: potenciamos el crecimiento empresarial local - Aurora Global Group","isPartOf":{"@id":"https:\/\/www.auroraglobalgroup.com\/es\/#website"},"datePublished":"2017-02-26T20:01:56+00:00","dateModified":"2024-02-21T09:30:03+00:00","description":"Descubre la dedicaci\u00f3n de Aurora con las empresas locales listas para crecer. Explora los servicios dise\u00f1ados para mejorar tu negocio en Aurora Global Group.","breadcrumb":{"@id":"https:\/\/www.auroraglobalgroup.com\/es\/about-us\/our-divisions\/aurora-2\/#breadcrumb"},"inLanguage":"es","potentialAction":[{"@type":"ReadAction","target":["https:\/\/www.auroraglobalgroup.com\/es\/about-us\/our-divisions\/aurora-2\/"]}]},{"@type":"BreadcrumbList","@id":"https:\/\/www.auroraglobalgroup.com\/es\/about-us\/our-divisions\/aurora-2\/#breadcrumb","itemListElement":[{"@type":"ListItem","position":1,"name":"Home","item":"https:\/\/www.auroraglobalgroup.com\/es\/"},{"@type":"ListItem","position":2,"name":"Sobre nosotros","item":"https:\/\/www.auroraglobalgroup.com\/es\/about-us\/"},{"@type":"ListItem","position":3,"name":"Nuestras Divisiones","item":"https:\/\/www.auroraglobalgroup.com\/es\/about-us\/our-divisions\/"},{"@type":"ListItem","position":4,"name":"Aurora"}]},{"@type":"WebSite","@id":"https:\/\/www.auroraglobalgroup.com\/es\/#website","url":"https:\/\/www.auroraglobalgroup.com\/es\/","name":"Auroraglobalgroup","description":"","publisher":{"@id":"https:\/\/www.auroraglobalgroup.com\/es\/#organization"},"potentialAction":[{"@type":"SearchAction","target":{"@type":"EntryPoint","urlTemplate":"https:\/\/www.auroraglobalgroup.com\/es\/?s={search_term_string}"},"query-input":{"@type":"PropertyValueSpecification","valueRequired":true,"valueName":"search_term_string"}}],"inLanguage":"es"},{"@type":"Organization","@id":"https:\/\/www.auroraglobalgroup.com\/es\/#organization","name":"Aurora Global Group","url":"https:\/\/www.auroraglobalgroup.com\/es\/","logo":{"@type":"ImageObject","inLanguage":"es","@id":"https:\/\/www.auroraglobalgroup.com\/es\/#\/schema\/logo\/image\/","url":"https:\/\/www.auroraglobalgroup.com\/wp-content\/uploads\/2017\/02\/aurora-expertise.png","contentUrl":"https:\/\/www.auroraglobalgroup.com\/wp-content\/uploads\/2017\/02\/aurora-expertise.png","width":389,"height":120,"caption":"Aurora Global Group"},"image":{"@id":"https:\/\/www.auroraglobalgroup.com\/es\/#\/schema\/logo\/image\/"},"sameAs":["https:\/\/www.facebook.com\/auroraglobalgroup\/","https:\/\/x.com\/global_aurora","https:\/\/es.linkedin.com\/company\/aurora-global-group"]}]}},"_links":{"self":[{"href":"https:\/\/www.auroraglobalgroup.com\/es\/wp-json\/wp\/v2\/pages\/4718","targetHints":{"allow":["GET"]}}],"collection":[{"href":"https:\/\/www.auroraglobalgroup.com\/es\/wp-json\/wp\/v2\/pages"}],"about":[{"href":"https:\/\/www.auroraglobalgroup.com\/es\/wp-json\/wp\/v2\/types\/page"}],"author":[{"embeddable":true,"href":"https:\/\/www.auroraglobalgroup.com\/es\/wp-json\/wp\/v2\/users\/1"}],"replies":[{"embeddable":true,"href":"https:\/\/www.auroraglobalgroup.com\/es\/wp-json\/wp\/v2\/comments?post=4718"}],"version-history":[{"count":13,"href":"https:\/\/www.auroraglobalgroup.com\/es\/wp-json\/wp\/v2\/pages\/4718\/revisions"}],"predecessor-version":[{"id":4907,"href":"https:\/\/www.auroraglobalgroup.com\/es\/wp-json\/wp\/v2\/pages\/4718\/revisions\/4907"}],"up":[{"embeddable":true,"href":"https:\/\/www.auroraglobalgroup.com\/es\/wp-json\/wp\/v2\/pages\/4722"}],"wp:attachment":[{"href":"https:\/\/www.auroraglobalgroup.com\/es\/wp-json\/wp\/v2\/media?parent=4718"}],"curies":[{"name":"wp","href":"https:\/\/api.w.org\/{rel}","templated":true}]}}