{"id":4719,"date":"2017-02-26T19:40:01","date_gmt":"2017-02-26T19:40:01","guid":{"rendered":"https:\/\/www.auroraglobalgroup.com\/aurora-health\/"},"modified":"2024-02-21T09:45:38","modified_gmt":"2024-02-21T09:45:38","slug":"aurora-health","status":"publish","type":"page","link":"https:\/\/www.auroraglobalgroup.com\/es\/about-us\/our-divisions\/aurora-health\/","title":{"rendered":"Aurora Health"},"content":{"rendered":"<div class=\"wpb-content-wrapper\"><p>[vc_row equal_height=\u00bbyes\u00bb content_placement=\u00bbmiddle\u00bb css=\u00bb.vc_custom_1508425178985{padding-top: 80px !important;}\u00bb][vc_column width=\u00bb5\/12&#8243;][vc_single_image image=\u00bb3743&#8243; img_size=\u00bbfull\u00bb][\/vc_column][vc_column width=\u00bb7\/12&#8243;][vc_column_text]<\/p>\n<h1>Estrategia, marketing y digital para biotecnolog\u00eda, farmac\u00e9uticas, dispositivos m\u00e9dicos y servicios de atenci\u00f3n m\u00e9dica.<\/h1>\n<p>[\/vc_column_text][\/vc_column][\/vc_row][vc_row full_width=\u00bbstretch_row\u00bb css=\u00bb.vc_custom_1677167651988{padding-top: 0px !important;padding-bottom: 0px !important;}\u00bb][vc_column css=\u00bb.vc_custom_1508414298001{padding-top: 0px !important;padding-bottom: 0px !important;}\u00bb][vc_single_image image=\u00bb4819&#8243; img_size=\u00bbfull\u00bb alignment=\u00bbcenter\u00bb][\/vc_column][\/vc_row][vc_row][vc_column width=\u00bb1\/3&#8243;][vc_single_image image=\u00bb3745&#8243; img_size=\u00bbfull\u00bb alignment=\u00bbright\u00bb][\/vc_column][vc_column width=\u00bb2\/3&#8243;][vc_empty_space height=\u00bb30px\u00bb][vc_column_text]Los cambios en el entorno de la atenci\u00f3n m\u00e9dica est\u00e1n dando forma a la necesidad de un nuevo modelo de negocio en este sector regulado. Los pacientes est\u00e1n m\u00e1s informados; los contribuyentes y los pol\u00edticos est\u00e1n adquiriendo m\u00e1s poder en la toma de decisiones, y los proveedores se est\u00e1n volviendo m\u00e1s digitales.[\/vc_column_text][\/vc_column][\/vc_row][vc_row full_width=\u00bbstretch_row\u00bb css=\u00bb.vc_custom_1677167695385{padding-top: 100px !important;padding-bottom: 100px !important;background-image: url(https:\/\/www.auroraglobalgroup.com\/wp-content\/uploads\/2023\/02\/Aurora-health-2-scaled.jpg?id=4820) !important;background-position: center !important;background-repeat: no-repeat !important;background-size: cover !important;}\u00bb][vc_column][vc_column_text]<\/p>\n<h2 style=\"text-align: center;\"><span style=\"color: #ffffff; font-size: 48px;\">\u00bfNecesitas una web de empresa, una web de marca, una estrategia digital, una soluci\u00f3n omnicanal, una aplicaci\u00f3n o una campa\u00f1a digital? AuroraHealth es tu agencia. <\/span><\/h2>\n<p>[\/vc_column_text][\/vc_column][\/vc_row][vc_row full_width=\u00bbstretch_row\u00bb parallax_speed=\u00bb4&#8243; parallax_x=\u00bb4&#8243; parallax_y=\u00bb4&#8243; css=\u00bb.vc_custom_1496923335999{padding-top: 15px !important;padding-bottom: 50px !important;background-color: #f2f2f2 !important;}\u00bb el_class=\u00bbtext-center mod-services\u00bb][vc_column][vc_row_inner][vc_column_inner]<div class=\"title-section  style1\">\n\t\t<h1 class=\"title\">\n\t\t\tNuestros servicios\t\t\t\n\t\t<\/h1>\t\t\n\t\t\n\n\t<\/div>[\/vc_column_inner][\/vc_row_inner][vc_row_inner equal_height=\u00bbyes\u00bb el_id=\u00bbldp-icon-box\u00bb][vc_column_inner width=\u00bb1\/4&#8243; offset=\u00bbvc_col-md-4 vc_col-xs-6&#8243;][\/vc_column_inner][vc_column_inner width=\u00bb1\/4&#8243; offset=\u00bbvc_col-md-4 vc_col-xs-6&#8243;][\/vc_column_inner][vc_column_inner width=\u00bb1\/4&#8243; offset=\u00bbvc_col-md-4 vc_col-xs-6&#8243;][\/vc_column_inner][vc_column_inner width=\u00bb1\/4&#8243; offset=\u00bbvc_col-md-4 vc_col-xs-6&#8243;][\/vc_column_inner][\/vc_row_inner][vc_row_inner equal_height=\u00bbyes\u00bb el_id=\u00bbldp-icon-box\u00bb][vc_column_inner width=\u00bb1\/3&#8243;]<a href=\"https:\/\/www.auroraglobalgroup.com\/es\/services\/business-strategy\/\"><div class=\"iconbox   \">\n\t\t<div class=\"box-header\">\n\t\t\t<div class=\"box-icon\"><img decoding=\"async\" src=\"https:\/\/www.auroraglobalgroup.com\/wp-content\/uploads\/2016\/08\/home-icon1.png\" alt=\"Estrategia empresarial\" \/><\/div>\n\t\t\t<h2 class=\"box-title\">Estrategia empresarial<\/h2>\n\t\t\t\n\t\t<\/div>\n\t\t<div class=\"box-content\">\n\t\t\t\u00bfEst\u00e1s afrontando un desaf\u00edo? \u00bfO necesitas un plan estrat\u00e9gico? Perm\u00edtenos apoyarte para definir la estrategia de tu empresa, tu marca o tu soluci\u00f3n, y liberar todo tu potencial.\n\t\t\t\n\t\t<\/div>\n\t<\/div><\/a>[\/vc_column_inner][vc_column_inner width=\u00bb1\/3&#8243;]<a href=\"https:\/\/www.auroraglobalgroup.com\/es\/services\/platform-development\/\"><div class=\"iconbox   \">\n\t\t<div class=\"box-header\">\n\t\t\t<div class=\"box-icon\"><img decoding=\"async\" src=\"https:\/\/www.auroraglobalgroup.com\/wp-content\/uploads\/2016\/08\/home-icon2.png\" alt=\"Web.Ecommerce.Apps\" \/><\/div>\n\t\t\t<h2 class=\"box-title\">Web.Ecommerce.Apps<\/h2>\n\t\t\t\n\t\t<\/div>\n\t\t<div class=\"box-content\">\n\t\t\t\u00bfNecesitas un sitio web atrayente e interesante, una historia online, una landing page, un blog o una aplicaci\u00f3n? Dise\u00f1amos y desarrollamos plataformas innovadoras y atractivas para digitalizar tu negocio.\n\t\t\t\n\t\t<\/div>\n\t<\/div><\/a>[\/vc_column_inner][vc_column_inner width=\u00bb1\/3&#8243;]<a href=\"https:\/\/www.auroraglobalgroup.com\/es\/services\/social-media\/\"><div class=\"iconbox   \">\n\t\t<div class=\"box-header\">\n\t\t\t<div class=\"box-icon\"><img decoding=\"async\" src=\"https:\/\/www.auroraglobalgroup.com\/wp-content\/uploads\/2016\/08\/home-icon3.png\" alt=\"Social Media\" \/><\/div>\n\t\t\t<h2 class=\"box-title\">Social Media<\/h2>\n\t\t\t\n\t\t<\/div>\n\t\t<div class=\"box-content\">\n\t\t\tCada empresa debe tener un objetivo, una visi\u00f3n. Y despu\u00e9s debe implementarse. \u00bfY c\u00f3mo se har\u00e1 en t\u00e9rminos de redes sociales? A trav\u00e9s de un plan.\n\t\t\t\n\t\t<\/div>\n\t<\/div><\/a>[\/vc_column_inner][\/vc_row_inner][vc_row_inner equal_height=\u00bbyes\u00bb][vc_column_inner width=\u00bb1\/3&#8243;]<a href=\"https:\/\/www.auroraglobalgroup.com\/es\/services\/marketing-plan\/\"><div class=\"iconbox   \">\n\t\t<div class=\"box-header\">\n\t\t\t<div class=\"box-icon\"><img decoding=\"async\" src=\"https:\/\/www.auroraglobalgroup.com\/wp-content\/uploads\/2016\/08\/home-icon4.png\" alt=\"Plan de Marketing\" \/><\/div>\n\t\t\t<h2 class=\"box-title\">Plan de Marketing<\/h2>\n\t\t\t\n\t\t<\/div>\n\t\t<div class=\"box-content\">\n\t\t\tTienes un producto revolucionario o un servicio excepcional: preparamos tu plan de lanzamiento, tu plan de marketing, desarrollamos tu marca, tu historia. Somos tu equipo de marketing.\n\t\t\t\n\t\t<\/div>\n\t<\/div><\/a>[\/vc_column_inner][vc_column_inner width=\u00bb1\/3&#8243;]<a href=\"https:\/\/www.auroraglobalgroup.com\/es\/services\/digital-strategy\/\"><div class=\"iconbox   \">\n\t\t<div class=\"box-header\">\n\t\t\t<div class=\"box-icon\"><img decoding=\"async\" src=\"https:\/\/www.auroraglobalgroup.com\/wp-content\/uploads\/2016\/08\/home-icon5.png\" alt=\"Estrategia Digital\" \/><\/div>\n\t\t\t<h2 class=\"box-title\">Estrategia Digital<\/h2>\n\t\t\t\n\t\t<\/div>\n\t\t<div class=\"box-content\">\n\t\t\tTienes una web o una tienda online. Ahora deseas que clientes potenciales lleguen a tu sitio. \u00bfY ahora qu\u00e9? Definimos tu estrategia en redes sociales, email marketing, SEO\/SEM.\n\t\t\t\n\t\t<\/div>\n\t<\/div><\/a>[\/vc_column_inner][vc_column_inner width=\u00bb1\/3&#8243;]<a href=\"https:\/\/www.auroraglobalgroup.com\/es\/services\/training\/\"><div class=\"iconbox   \">\n\t\t<div class=\"box-header\">\n\t\t\t<div class=\"box-icon\"><img decoding=\"async\" src=\"https:\/\/www.auroraglobalgroup.com\/wp-content\/uploads\/2016\/08\/home-icon6.png\" alt=\"Formaci\u00f3n\" \/><\/div>\n\t\t\t<h2 class=\"box-title\">Formaci\u00f3n<\/h2>\n\t\t\t\n\t\t<\/div>\n\t\t<div class=\"box-content\">\n\t\t\tTu equipo necesita estar listo para reaccionar ante una crisis online, para gestionar adecuadamente las redes sociales, para implementar con \u00e9xito campa\u00f1as publicitarias. Podemos ayudarte.\n\t\t\t\n\t\t<\/div>\n\t<\/div><\/a>[\/vc_column_inner][\/vc_row_inner][\/vc_column][\/vc_row][vc_row][vc_column width=\u00bb1\/3&#8243;][vc_column_text]<\/p>\n<h2>\u00bfQuienes somos?<\/h2>\n<p>[\/vc_column_text][\/vc_column][vc_column width=\u00bb2\/3&#8243;][vc_single_image image=\u00bb4088&#8243; img_size=\u00bblarge\u00bb][\/vc_column][\/vc_row][vc_row][vc_column width=\u00bb1\/3&#8243;][vc_single_image image=\u00bb4576&#8243; img_size=\u00bblarge\u00bb alignment=\u00bbcenter\u00bb onclick=\u00bbcustom_link\u00bb link=\u00bbhttps:\/\/www.auroraglobalgroup.com\/es\/about-us\/\u00bb][\/vc_column][vc_column width=\u00bb1\/3&#8243;][\/vc_column][vc_column width=\u00bb1\/3&#8243;][vc_single_image image=\u00bb4571&#8243; img_size=\u00bblarge\u00bb alignment=\u00bbcenter\u00bb onclick=\u00bbcustom_link\u00bb link=\u00bbhttps:\/\/www.auroraglobalgroup.com\/es\/about-us\/our-team\/\u00bb][\/vc_column][\/vc_row][vc_row full_width=\u00bbstretch_row\u00bb css=\u00bb.vc_custom_1677168429868{background-color: #c54190 !important;}\u00bb el_class=\u00bbtext-white\u00bb][vc_column width=\u00bb1\/4&#8243;][\/vc_column][vc_column width=\u00bb1\/2&#8243;][vc_column_text]<\/p>\n<h2>Estamos aqu\u00ed para ti.<\/h2>\n<p>\u00bfTienes alguna pregunta? Estamos aqu\u00ed para apoyarte en aprovechar todo el potencial de tu negocio.[\/vc_column_text]\n<div class=\"wpcf7 no-js\" id=\"wpcf7-f1623-o1\" lang=\"en-US\" dir=\"ltr\" data-wpcf7-id=\"1623\">\n<div class=\"screen-reader-response\"><p role=\"status\" aria-live=\"polite\" aria-atomic=\"true\"><\/p> <ul><\/ul><\/div>\n<form action=\"\/es\/wp-json\/wp\/v2\/pages\/4719#wpcf7-f1623-o1\" method=\"post\" class=\"wpcf7-form init\" aria-label=\"Contact form\" novalidate=\"novalidate\" data-status=\"init\">\n<fieldset class=\"hidden-fields-container\"><input type=\"hidden\" name=\"_wpcf7\" value=\"1623\" \/><input type=\"hidden\" name=\"_wpcf7_version\" value=\"6.1.5\" \/><input type=\"hidden\" name=\"_wpcf7_locale\" value=\"en_US\" \/><input type=\"hidden\" name=\"_wpcf7_unit_tag\" value=\"wpcf7-f1623-o1\" \/><input type=\"hidden\" name=\"_wpcf7_container_post\" value=\"0\" \/><input type=\"hidden\" name=\"_wpcf7_posted_data_hash\" value=\"\" \/>\n<\/fieldset>\n<div class=\"row\">\n\t<div class=\"col-sm-6\">\n\t\t<p><span class=\"wpcf7-form-control-wrap\" data-name=\"text-363\"><input size=\"40\" maxlength=\"400\" class=\"wpcf7-form-control wpcf7-text wpcf7-validates-as-required form-control\" aria-required=\"true\" aria-invalid=\"false\" placeholder=\"Name *\" value=\"\" type=\"text\" name=\"text-363\" \/><\/span><br \/>\n<span class=\"wpcf7-form-control-wrap\" data-name=\"email-97\"><input size=\"40\" maxlength=\"400\" class=\"wpcf7-form-control wpcf7-email wpcf7-validates-as-required wpcf7-text wpcf7-validates-as-email form-control\" aria-required=\"true\" aria-invalid=\"false\" placeholder=\"Email *\" value=\"\" type=\"email\" name=\"email-97\" \/><\/span><br \/>\n<span class=\"wpcf7-form-control-wrap\" data-name=\"text-364\"><input size=\"40\" maxlength=\"400\" class=\"wpcf7-form-control wpcf7-text form-control\" aria-invalid=\"false\" placeholder=\"Subject *\" value=\"\" type=\"text\" name=\"text-364\" \/><\/span>\n\t\t<\/p>\n\t<\/div>\n\t<div class=\"col-sm-6\">\n\t\t<p><span class=\"wpcf7-form-control-wrap\" data-name=\"textarea-883\"><textarea cols=\"40\" rows=\"10\" maxlength=\"2000\" class=\"wpcf7-form-control wpcf7-textarea form-control\" aria-invalid=\"false\" placeholder=\"Message *\" name=\"textarea-883\"><\/textarea><\/span><br \/>\n<div id=\"cf7sr-69de269f132f3\" class=\"cf7sr-g-recaptcha\" data-theme=\"light\" data-type=\"image\" data-size=\"normal\" data-sitekey=\"6LeMwocUAAAAACvc3beqPbcupCMAD0zHWBRaBUst\"><\/div><span class=\"wpcf7-form-control-wrap cf7sr-recaptcha\" data-name=\"cf7sr-recaptcha\"><input type=\"hidden\" name=\"cf7sr-recaptcha\" value=\"\" class=\"wpcf7-form-control\"><\/span><br \/>\n<span id=\"wpcf7-69de269f12fdc-wrapper\" class=\"wpcf7-form-control-wrap honeypot-838-wrap\" style=\"display:none !important; visibility:hidden !important;\"><input type=\"hidden\" name=\"honeypot-838-time-start\" value=\"1776166559\"><input type=\"hidden\" name=\"honeypot-838-time-check\" value=\"6\"><input id=\"hon\"  class=\"wpcf7-form-control wpcf7-text\" type=\"text\" name=\"honeypot-838\" value=\"\" size=\"40\" tabindex=\"-1\" autocomplete=\"new-password\" \/><\/span>\n\t\t<\/p>\n\t<\/div>\n<\/div>\n<p><input class=\"wpcf7-form-control wpcf7-submit has-spinner btn btn-warning\" type=\"submit\" value=\"Send\" \/>\n<\/p><div class=\"wpcf7-response-output\" aria-hidden=\"true\"><\/div>\n<\/form>\n<\/div>\n[vc_empty_space height=\u00bb40px\u00bb][\/vc_column][vc_column width=\u00bb1\/4&#8243;][\/vc_column][\/vc_row]<\/p>\n<\/div>","protected":false},"excerpt":{"rendered":"<p>[vc_row equal_height=\u00bbyes\u00bb content_placement=\u00bbmiddle\u00bb css=\u00bb.vc_custom_1508425178985{padding-top: 80px !important;}\u00bb][vc_column width=\u00bb5\/12&#8243;][vc_single_image image=\u00bb3743&#8243; img_size=\u00bbfull\u00bb][\/vc_column][vc_column width=\u00bb7\/12&#8243;][vc_column_text] Estrategia, marketing y digital para biotecnolog\u00eda, farmac\u00e9uticas, dispositivos m\u00e9dicos y [&hellip;]<\/p>\n","protected":false},"author":1,"featured_media":0,"parent":4722,"menu_order":15,"comment_status":"closed","ping_status":"closed","template":"landing.php","meta":{"footnotes":""},"class_list":["post-4719","page","type-page","status-publish","hentry"],"yoast_head":"<!-- This site is optimized with the Yoast SEO plugin v26.8 - https:\/\/yoast.com\/product\/yoast-seo-wordpress\/ -->\n<title>Aurora Health: L\u00edderes en biotecnolog\u00eda y atenci\u00f3n m\u00e9dica - Aurora Global Group<\/title>\n<meta name=\"description\" content=\"Aurora Health, una divisi\u00f3n de Aurora Global Group, se destaca en estrategia y marketing digital para las industrias de biotecnolog\u00eda, farmac\u00e9utica.\" \/>\n<meta name=\"robots\" content=\"index, follow, max-snippet:-1, max-image-preview:large, max-video-preview:-1\" \/>\n<link rel=\"canonical\" href=\"https:\/\/www.auroraglobalgroup.com\/es\/about-us\/our-divisions\/aurora-health\/\" \/>\n<meta property=\"og:locale\" content=\"es_ES\" \/>\n<meta property=\"og:type\" content=\"article\" \/>\n<meta property=\"og:title\" content=\"Aurora Health: L\u00edderes en biotecnolog\u00eda y atenci\u00f3n m\u00e9dica - Aurora Global Group\" \/>\n<meta property=\"og:description\" content=\"Aurora Health, una divisi\u00f3n de Aurora Global Group, se destaca en estrategia y marketing digital para las industrias de biotecnolog\u00eda, farmac\u00e9utica.\" \/>\n<meta property=\"og:url\" content=\"https:\/\/www.auroraglobalgroup.com\/es\/about-us\/our-divisions\/aurora-health\/\" \/>\n<meta property=\"article:publisher\" content=\"https:\/\/www.facebook.com\/auroraglobalgroup\/\" \/>\n<meta property=\"article:modified_time\" content=\"2024-02-21T09:45:38+00:00\" \/>\n<meta name=\"twitter:card\" content=\"summary_large_image\" \/>\n<meta name=\"twitter:site\" content=\"@global_aurora\" \/>\n<meta name=\"twitter:label1\" content=\"Tiempo de lectura\" \/>\n\t<meta name=\"twitter:data1\" content=\"2 minutos\" \/>\n<script type=\"application\/ld+json\" class=\"yoast-schema-graph\">{\"@context\":\"https:\/\/schema.org\",\"@graph\":[{\"@type\":\"WebPage\",\"@id\":\"https:\/\/www.auroraglobalgroup.com\/es\/about-us\/our-divisions\/aurora-health\/\",\"url\":\"https:\/\/www.auroraglobalgroup.com\/es\/about-us\/our-divisions\/aurora-health\/\",\"name\":\"Aurora Health: L\u00edderes en biotecnolog\u00eda y atenci\u00f3n m\u00e9dica - Aurora Global Group\",\"isPartOf\":{\"@id\":\"https:\/\/www.auroraglobalgroup.com\/es\/#website\"},\"datePublished\":\"2017-02-26T19:40:01+00:00\",\"dateModified\":\"2024-02-21T09:45:38+00:00\",\"description\":\"Aurora Health, una divisi\u00f3n de Aurora Global Group, se destaca en estrategia y marketing digital para las industrias de biotecnolog\u00eda, farmac\u00e9utica.\",\"breadcrumb\":{\"@id\":\"https:\/\/www.auroraglobalgroup.com\/es\/about-us\/our-divisions\/aurora-health\/#breadcrumb\"},\"inLanguage\":\"es\",\"potentialAction\":[{\"@type\":\"ReadAction\",\"target\":[\"https:\/\/www.auroraglobalgroup.com\/es\/about-us\/our-divisions\/aurora-health\/\"]}]},{\"@type\":\"BreadcrumbList\",\"@id\":\"https:\/\/www.auroraglobalgroup.com\/es\/about-us\/our-divisions\/aurora-health\/#breadcrumb\",\"itemListElement\":[{\"@type\":\"ListItem\",\"position\":1,\"name\":\"Home\",\"item\":\"https:\/\/www.auroraglobalgroup.com\/es\/\"},{\"@type\":\"ListItem\",\"position\":2,\"name\":\"Sobre nosotros\",\"item\":\"https:\/\/www.auroraglobalgroup.com\/es\/about-us\/\"},{\"@type\":\"ListItem\",\"position\":3,\"name\":\"Nuestras Divisiones\",\"item\":\"https:\/\/www.auroraglobalgroup.com\/es\/about-us\/our-divisions\/\"},{\"@type\":\"ListItem\",\"position\":4,\"name\":\"Aurora Health\"}]},{\"@type\":\"WebSite\",\"@id\":\"https:\/\/www.auroraglobalgroup.com\/es\/#website\",\"url\":\"https:\/\/www.auroraglobalgroup.com\/es\/\",\"name\":\"Auroraglobalgroup\",\"description\":\"\",\"publisher\":{\"@id\":\"https:\/\/www.auroraglobalgroup.com\/es\/#organization\"},\"potentialAction\":[{\"@type\":\"SearchAction\",\"target\":{\"@type\":\"EntryPoint\",\"urlTemplate\":\"https:\/\/www.auroraglobalgroup.com\/es\/?s={search_term_string}\"},\"query-input\":{\"@type\":\"PropertyValueSpecification\",\"valueRequired\":true,\"valueName\":\"search_term_string\"}}],\"inLanguage\":\"es\"},{\"@type\":\"Organization\",\"@id\":\"https:\/\/www.auroraglobalgroup.com\/es\/#organization\",\"name\":\"Aurora Global Group\",\"url\":\"https:\/\/www.auroraglobalgroup.com\/es\/\",\"logo\":{\"@type\":\"ImageObject\",\"inLanguage\":\"es\",\"@id\":\"https:\/\/www.auroraglobalgroup.com\/es\/#\/schema\/logo\/image\/\",\"url\":\"https:\/\/www.auroraglobalgroup.com\/wp-content\/uploads\/2017\/02\/aurora-expertise.png\",\"contentUrl\":\"https:\/\/www.auroraglobalgroup.com\/wp-content\/uploads\/2017\/02\/aurora-expertise.png\",\"width\":389,\"height\":120,\"caption\":\"Aurora Global Group\"},\"image\":{\"@id\":\"https:\/\/www.auroraglobalgroup.com\/es\/#\/schema\/logo\/image\/\"},\"sameAs\":[\"https:\/\/www.facebook.com\/auroraglobalgroup\/\",\"https:\/\/x.com\/global_aurora\",\"https:\/\/es.linkedin.com\/company\/aurora-global-group\"]}]}<\/script>\n<!-- \/ Yoast SEO plugin. -->","yoast_head_json":{"title":"Aurora Health: L\u00edderes en biotecnolog\u00eda y atenci\u00f3n m\u00e9dica - Aurora Global Group","description":"Aurora Health, una divisi\u00f3n de Aurora Global Group, se destaca en estrategia y marketing digital para las industrias de biotecnolog\u00eda, farmac\u00e9utica.","robots":{"index":"index","follow":"follow","max-snippet":"max-snippet:-1","max-image-preview":"max-image-preview:large","max-video-preview":"max-video-preview:-1"},"canonical":"https:\/\/www.auroraglobalgroup.com\/es\/about-us\/our-divisions\/aurora-health\/","og_locale":"es_ES","og_type":"article","og_title":"Aurora Health: L\u00edderes en biotecnolog\u00eda y atenci\u00f3n m\u00e9dica - Aurora Global Group","og_description":"Aurora Health, una divisi\u00f3n de Aurora Global Group, se destaca en estrategia y marketing digital para las industrias de biotecnolog\u00eda, farmac\u00e9utica.","og_url":"https:\/\/www.auroraglobalgroup.com\/es\/about-us\/our-divisions\/aurora-health\/","article_publisher":"https:\/\/www.facebook.com\/auroraglobalgroup\/","article_modified_time":"2024-02-21T09:45:38+00:00","twitter_card":"summary_large_image","twitter_site":"@global_aurora","twitter_misc":{"Tiempo de lectura":"2 minutos"},"schema":{"@context":"https:\/\/schema.org","@graph":[{"@type":"WebPage","@id":"https:\/\/www.auroraglobalgroup.com\/es\/about-us\/our-divisions\/aurora-health\/","url":"https:\/\/www.auroraglobalgroup.com\/es\/about-us\/our-divisions\/aurora-health\/","name":"Aurora Health: L\u00edderes en biotecnolog\u00eda y atenci\u00f3n m\u00e9dica - Aurora Global Group","isPartOf":{"@id":"https:\/\/www.auroraglobalgroup.com\/es\/#website"},"datePublished":"2017-02-26T19:40:01+00:00","dateModified":"2024-02-21T09:45:38+00:00","description":"Aurora Health, una divisi\u00f3n de Aurora Global Group, se destaca en estrategia y marketing digital para las industrias de biotecnolog\u00eda, farmac\u00e9utica.","breadcrumb":{"@id":"https:\/\/www.auroraglobalgroup.com\/es\/about-us\/our-divisions\/aurora-health\/#breadcrumb"},"inLanguage":"es","potentialAction":[{"@type":"ReadAction","target":["https:\/\/www.auroraglobalgroup.com\/es\/about-us\/our-divisions\/aurora-health\/"]}]},{"@type":"BreadcrumbList","@id":"https:\/\/www.auroraglobalgroup.com\/es\/about-us\/our-divisions\/aurora-health\/#breadcrumb","itemListElement":[{"@type":"ListItem","position":1,"name":"Home","item":"https:\/\/www.auroraglobalgroup.com\/es\/"},{"@type":"ListItem","position":2,"name":"Sobre nosotros","item":"https:\/\/www.auroraglobalgroup.com\/es\/about-us\/"},{"@type":"ListItem","position":3,"name":"Nuestras Divisiones","item":"https:\/\/www.auroraglobalgroup.com\/es\/about-us\/our-divisions\/"},{"@type":"ListItem","position":4,"name":"Aurora Health"}]},{"@type":"WebSite","@id":"https:\/\/www.auroraglobalgroup.com\/es\/#website","url":"https:\/\/www.auroraglobalgroup.com\/es\/","name":"Auroraglobalgroup","description":"","publisher":{"@id":"https:\/\/www.auroraglobalgroup.com\/es\/#organization"},"potentialAction":[{"@type":"SearchAction","target":{"@type":"EntryPoint","urlTemplate":"https:\/\/www.auroraglobalgroup.com\/es\/?s={search_term_string}"},"query-input":{"@type":"PropertyValueSpecification","valueRequired":true,"valueName":"search_term_string"}}],"inLanguage":"es"},{"@type":"Organization","@id":"https:\/\/www.auroraglobalgroup.com\/es\/#organization","name":"Aurora Global Group","url":"https:\/\/www.auroraglobalgroup.com\/es\/","logo":{"@type":"ImageObject","inLanguage":"es","@id":"https:\/\/www.auroraglobalgroup.com\/es\/#\/schema\/logo\/image\/","url":"https:\/\/www.auroraglobalgroup.com\/wp-content\/uploads\/2017\/02\/aurora-expertise.png","contentUrl":"https:\/\/www.auroraglobalgroup.com\/wp-content\/uploads\/2017\/02\/aurora-expertise.png","width":389,"height":120,"caption":"Aurora Global Group"},"image":{"@id":"https:\/\/www.auroraglobalgroup.com\/es\/#\/schema\/logo\/image\/"},"sameAs":["https:\/\/www.facebook.com\/auroraglobalgroup\/","https:\/\/x.com\/global_aurora","https:\/\/es.linkedin.com\/company\/aurora-global-group"]}]}},"_links":{"self":[{"href":"https:\/\/www.auroraglobalgroup.com\/es\/wp-json\/wp\/v2\/pages\/4719","targetHints":{"allow":["GET"]}}],"collection":[{"href":"https:\/\/www.auroraglobalgroup.com\/es\/wp-json\/wp\/v2\/pages"}],"about":[{"href":"https:\/\/www.auroraglobalgroup.com\/es\/wp-json\/wp\/v2\/types\/page"}],"author":[{"embeddable":true,"href":"https:\/\/www.auroraglobalgroup.com\/es\/wp-json\/wp\/v2\/users\/1"}],"replies":[{"embeddable":true,"href":"https:\/\/www.auroraglobalgroup.com\/es\/wp-json\/wp\/v2\/comments?post=4719"}],"version-history":[{"count":28,"href":"https:\/\/www.auroraglobalgroup.com\/es\/wp-json\/wp\/v2\/pages\/4719\/revisions"}],"predecessor-version":[{"id":5334,"href":"https:\/\/www.auroraglobalgroup.com\/es\/wp-json\/wp\/v2\/pages\/4719\/revisions\/5334"}],"up":[{"embeddable":true,"href":"https:\/\/www.auroraglobalgroup.com\/es\/wp-json\/wp\/v2\/pages\/4722"}],"wp:attachment":[{"href":"https:\/\/www.auroraglobalgroup.com\/es\/wp-json\/wp\/v2\/media?parent=4719"}],"curies":[{"name":"wp","href":"https:\/\/api.w.org\/{rel}","templated":true}]}}