{"id":4722,"date":"2017-02-21T01:54:38","date_gmt":"2017-02-21T01:54:38","guid":{"rendered":"https:\/\/www.auroraglobalgroup.com\/about-us\/our-divisions\/"},"modified":"2023-10-17T14:20:57","modified_gmt":"2023-10-17T14:20:57","slug":"our-divisions","status":"publish","type":"page","link":"https:\/\/www.auroraglobalgroup.com\/es\/about-us\/our-divisions\/","title":{"rendered":"Nuestras Divisiones"},"content":{"rendered":"<div class=\"wpb-content-wrapper\"><p>[vc_row full_width=\u00bbstretch_row\u00bb parallax=\u00bbcontent-moving\u00bb parallax_image=\u00bb1706&#8243; el_class=\u00bbtext-white\u00bb css=\u00bb.vc_custom_1497279965353{padding-top: 18% !important;padding-bottom: 15% !important;}\u00bb][vc_column][vc_row_inner][vc_column_inner offset=\u00bbvc_col-lg-2 vc_col-md-1 vc_hidden-sm vc_hidden-xs\u00bb][\/vc_column_inner][vc_column_inner offset=\u00bbvc_col-lg-8 vc_col-md-10&#8243;]<div class=\"title-section  style1\">\n\t\t<h1 class=\"title\">\n\t\t\tNUESTRAS DIVISIONES\t\t\t\n\t\t<\/h1>\t\t\n\t\t\n\t\t\t<div class=\"title-content\">\n\t\t\t\t<p>Tenemos m\u00e1s de 20 a\u00f1os de experiencia en ESTRATEGIA, MARKETING y DIGITAL. Somos expertos. En serio. Lo tomamos muy en serio. Y nos divertimos trabajando, porque amamos lo que hacemos.<\/p>\n\n\t\t\t<\/div>\n\n\t<\/div>[\/vc_column_inner][\/vc_row_inner][\/vc_column][\/vc_row][vc_row css=\u00bb.vc_custom_1496940280337{padding-top: 80px !important;}\u00bb][vc_column][vc_column_text]<\/p>\n<h1><\/h1>\n<h2 class=\"arreu-widget-title\"><span style=\"font-size: 20px;\"><b>Desde nuestro lanzamiento en 2016, hemos creado 2 divisiones y un programa social.<\/b><\/span><\/h2>\n<p><strong>Aurora tiene 2 divisiones especializadas en:<\/strong><\/p>\n<ul>\n<li>Negocios locales con impacto global. Desde empresas y tiendas online, hasta hosteler\u00eda, pasando por tiendas y negocios locales.<\/li>\n<li>Biotecnolog\u00eda, farmac\u00e9uticas, dispositivos m\u00e9dicos y servicios de atenci\u00f3n m\u00e9dica. <span style=\"font-weight: 400;\">Este mercado est\u00e1 altamente regulado y expertos especializados en estos sectores son esenciales.<\/span><\/li>\n<\/ul>\n<p><span style=\"font-weight: 400;\">Nos apasiona trabajar con emprendedores y empresas visionarias que tienen ideas peque\u00f1as y grandes para transformar su comunidad y contribuir a un mundo mejor.<\/span><\/p>\n<p>Hablamos el lenguaje de los negocios. Entendemos qu\u00e9 se necesita para definir una estrategia en un entorno competitivo, dise\u00f1ar un plan de marketing que cree valor y digitalizar un negocio.[\/vc_column_text][\/vc_column][\/vc_row][vc_row gap=\u00bb35&#8243; parallax_speed=\u00bb4&#8243; parallax_x=\u00bb4&#8243; parallax_y=\u00bb4&#8243; css=\u00bb.vc_custom_1496921478403{padding-top: 50px !important;padding-bottom: 50px !important;}\u00bb el_id=\u00bblogos-divisions\u00bb el_class=\u00bbhome-section-logos narrow text-center\u00bb][vc_column width=\u00bb1\/3&#8243;][vc_column_text]<\/p>\n<p style=\"text-align: center;\"><a href=\"http:\/\/auroraglobalgroup.com\/about-us\/our-divisions\/aurora\/\"><img loading=\"lazy\" decoding=\"async\" class=\"aligncenter size-full wp-image-2172\" src=\"https:\/\/www.auroraglobalgroup.com\/wp-content\/uploads\/2017\/02\/home1.png\" alt=\"Aurora\" width=\"138\" height=\"141\"><\/a><\/p>\n<p style=\"text-align: center;\">Enfoque en negocios locales<br \/>\nlistos para seguir creciendo.<\/p>\n<p>[\/vc_column_text][vc_button title=\u00bbDescubre m\u00e1s\u00bb color=\u00bbbtn-primary\u00bb href=\u00bbhttp:%2F%2Fauroraglobalgroup.com%2Fabout-us%2Four-divisions%2Faurora%2F|\u00bb el_class=\u00bbbtn btn-default\u00bb][\/vc_column][vc_column width=\u00bb1\/3&#8243;][vc_column_text]<\/p>\n<p style=\"text-align: center;\"><a href=\"http:\/\/auroraglobalgroup.com\/about-us\/our-divisions\/aurora-health\/\"><img loading=\"lazy\" decoding=\"async\" class=\"aligncenter size-full wp-image-2173\" src=\"https:\/\/www.auroraglobalgroup.com\/wp-content\/uploads\/2017\/02\/home2.png\" alt=\"Aurora Health\" width=\"138\" height=\"141\"><\/a><\/p>\n<p style=\"text-align: center;\">Enfoque en biotecnolog\u00eda, farmac\u00e9uticas, dispositivos<br \/>\nelectr\u00f3nicos y servicios de atenci\u00f3n m\u00e9dica.<\/p>\n<p>[\/vc_column_text][vc_button title=\u00bbDescubre m\u00e1s\u00bb color=\u00bbbtn-primary\u00bb href=\u00bbhttp:%2F%2Fauroraglobalgroup.com%2Fabout-us%2Four-divisions%2Faurora-health%2F|\u00bb el_class=\u00bbbtn btn-default\u00bb][\/vc_column][vc_column width=\u00bb1\/3&#8243;][vc_column_text]<\/p>\n<p style=\"text-align: center;\"><a href=\"http:\/\/auroraglobalgroup.com\/about-us\/our-divisions\/aurora-women\/\"><img loading=\"lazy\" decoding=\"async\" class=\"aligncenter size-full wp-image-2174\" src=\"https:\/\/www.auroraglobalgroup.com\/wp-content\/uploads\/2017\/02\/home3.png\" alt=\"Aurora women\" width=\"138\" height=\"141\"><\/a><\/p>\n<p style=\"text-align: center;\">Nuestro programa social<br \/>\nque apoya la diversidad de g\u00e9nero.<\/p>\n<p>[\/vc_column_text][vc_button title=\u00bbDescubre m\u00e1s\u00bb color=\u00bbbtn-primary\u00bb href=\u00bbhttp:%2F%2Fauroraglobalgroup.com%2Fabout-us%2Four-divisions%2Faurora-women%2F|\u00bb el_class=\u00bbbtn btn-default\u00bb][\/vc_column][\/vc_row][vc_row full_width=\u00bbstretch_row\u00bb css=\u00bb.vc_custom_1497280144470{padding-top: 70px !important;padding-bottom: 70px !important;background-color: #222222 !important;}\u00bb][vc_column][vc_column_text]<\/p>\n<p style=\"text-align: center;\"><span style=\"color: #ffffff;\">\u00abUna persona que nunca cometi\u00f3 un error<\/span><br \/>\n<span style=\"color: #ffffff;\">nunca intent\u00f3 nada nuevo.\u00bb<\/span><\/p>\n<p style=\"text-align: center;\"><span style=\"color: #ffffff;\">Albert Einstein.<\/span><\/p>\n<p>[\/vc_column_text][\/vc_column][\/vc_row]<\/p>\n<\/div>","protected":false},"excerpt":{"rendered":"<p>[vc_row full_width=\u00bbstretch_row\u00bb parallax=\u00bbcontent-moving\u00bb parallax_image=\u00bb1706&#8243; el_class=\u00bbtext-white\u00bb css=\u00bb.vc_custom_1497279965353{padding-top: 18% !important;padding-bottom: 15% !important;}\u00bb][vc_column][vc_row_inner][vc_column_inner offset=\u00bbvc_col-lg-2 vc_col-md-1 vc_hidden-sm vc_hidden-xs\u00bb][\/vc_column_inner][vc_column_inner offset=\u00bbvc_col-lg-8 vc_col-md-10&#8243;][\/vc_column_inner][\/vc_row_inner][\/vc_column][\/vc_row][vc_row css=\u00bb.vc_custom_1496940280337{padding-top: 80px !important;}\u00bb][vc_column][vc_column_text] Desde [&hellip;]<\/p>\n","protected":false},"author":1,"featured_media":0,"parent":4716,"menu_order":36,"comment_status":"closed","ping_status":"closed","template":"","meta":{"footnotes":""},"class_list":["post-4722","page","type-page","status-publish","hentry"],"yoast_head":"<!-- This site is optimized with the Yoast SEO plugin v26.8 - https:\/\/yoast.com\/product\/yoast-seo-wordpress\/ -->\n<title>Nuestras Divisiones -<\/title>\n<meta name=\"robots\" content=\"index, follow, max-snippet:-1, max-image-preview:large, max-video-preview:-1\" \/>\n<link rel=\"canonical\" href=\"https:\/\/www.auroraglobalgroup.com\/es\/about-us\/our-divisions\/\" \/>\n<meta property=\"og:locale\" content=\"es_ES\" \/>\n<meta property=\"og:type\" content=\"article\" \/>\n<meta property=\"og:title\" content=\"Nuestras Divisiones -\" \/>\n<meta property=\"og:description\" content=\"[vc_row full_width=\u00bbstretch_row\u00bb parallax=\u00bbcontent-moving\u00bb parallax_image=\u00bb1706&#8243; el_class=\u00bbtext-white\u00bb css=\u00bb.vc_custom_1497279965353{padding-top: 18% !important;padding-bottom: 15% !important;}\u00bb][vc_column][vc_row_inner][vc_column_inner offset=\u00bbvc_col-lg-2 vc_col-md-1 vc_hidden-sm vc_hidden-xs\u00bb][\/vc_column_inner][vc_column_inner offset=\u00bbvc_col-lg-8 vc_col-md-10&#8243;][\/vc_column_inner][\/vc_row_inner][\/vc_column][\/vc_row][vc_row css=\u00bb.vc_custom_1496940280337{padding-top: 80px !important;}\u00bb][vc_column][vc_column_text] Desde [&hellip;]\" \/>\n<meta property=\"og:url\" content=\"https:\/\/www.auroraglobalgroup.com\/es\/about-us\/our-divisions\/\" \/>\n<meta property=\"article:publisher\" content=\"https:\/\/www.facebook.com\/auroraglobalgroup\/\" \/>\n<meta property=\"article:modified_time\" content=\"2023-10-17T14:20:57+00:00\" \/>\n<meta property=\"og:image\" content=\"http:\/\/auroraglobalgroup.com\/wp-content\/uploads\/2017\/02\/home1.png\" \/>\n<meta name=\"twitter:card\" content=\"summary_large_image\" \/>\n<meta name=\"twitter:site\" content=\"@global_aurora\" \/>\n<meta name=\"twitter:label1\" content=\"Tiempo de lectura\" \/>\n\t<meta name=\"twitter:data1\" content=\"2 minutos\" \/>\n<script type=\"application\/ld+json\" class=\"yoast-schema-graph\">{\"@context\":\"https:\/\/schema.org\",\"@graph\":[{\"@type\":\"WebPage\",\"@id\":\"https:\/\/www.auroraglobalgroup.com\/es\/about-us\/our-divisions\/\",\"url\":\"https:\/\/www.auroraglobalgroup.com\/es\/about-us\/our-divisions\/\",\"name\":\"Nuestras Divisiones -\",\"isPartOf\":{\"@id\":\"https:\/\/www.auroraglobalgroup.com\/es\/#website\"},\"primaryImageOfPage\":{\"@id\":\"https:\/\/www.auroraglobalgroup.com\/es\/about-us\/our-divisions\/#primaryimage\"},\"image\":{\"@id\":\"https:\/\/www.auroraglobalgroup.com\/es\/about-us\/our-divisions\/#primaryimage\"},\"thumbnailUrl\":\"https:\/\/www.auroraglobalgroup.com\/wp-content\/uploads\/2017\/02\/home1.png\",\"datePublished\":\"2017-02-21T01:54:38+00:00\",\"dateModified\":\"2023-10-17T14:20:57+00:00\",\"breadcrumb\":{\"@id\":\"https:\/\/www.auroraglobalgroup.com\/es\/about-us\/our-divisions\/#breadcrumb\"},\"inLanguage\":\"es\",\"potentialAction\":[{\"@type\":\"ReadAction\",\"target\":[\"https:\/\/www.auroraglobalgroup.com\/es\/about-us\/our-divisions\/\"]}]},{\"@type\":\"ImageObject\",\"inLanguage\":\"es\",\"@id\":\"https:\/\/www.auroraglobalgroup.com\/es\/about-us\/our-divisions\/#primaryimage\",\"url\":\"https:\/\/www.auroraglobalgroup.com\/wp-content\/uploads\/2017\/02\/home1.png\",\"contentUrl\":\"https:\/\/www.auroraglobalgroup.com\/wp-content\/uploads\/2017\/02\/home1.png\"},{\"@type\":\"BreadcrumbList\",\"@id\":\"https:\/\/www.auroraglobalgroup.com\/es\/about-us\/our-divisions\/#breadcrumb\",\"itemListElement\":[{\"@type\":\"ListItem\",\"position\":1,\"name\":\"Home\",\"item\":\"https:\/\/www.auroraglobalgroup.com\/es\/\"},{\"@type\":\"ListItem\",\"position\":2,\"name\":\"Sobre nosotros\",\"item\":\"https:\/\/www.auroraglobalgroup.com\/es\/about-us\/\"},{\"@type\":\"ListItem\",\"position\":3,\"name\":\"Nuestras Divisiones\"}]},{\"@type\":\"WebSite\",\"@id\":\"https:\/\/www.auroraglobalgroup.com\/es\/#website\",\"url\":\"https:\/\/www.auroraglobalgroup.com\/es\/\",\"name\":\"Auroraglobalgroup\",\"description\":\"\",\"publisher\":{\"@id\":\"https:\/\/www.auroraglobalgroup.com\/es\/#organization\"},\"potentialAction\":[{\"@type\":\"SearchAction\",\"target\":{\"@type\":\"EntryPoint\",\"urlTemplate\":\"https:\/\/www.auroraglobalgroup.com\/es\/?s={search_term_string}\"},\"query-input\":{\"@type\":\"PropertyValueSpecification\",\"valueRequired\":true,\"valueName\":\"search_term_string\"}}],\"inLanguage\":\"es\"},{\"@type\":\"Organization\",\"@id\":\"https:\/\/www.auroraglobalgroup.com\/es\/#organization\",\"name\":\"Aurora Global Group\",\"url\":\"https:\/\/www.auroraglobalgroup.com\/es\/\",\"logo\":{\"@type\":\"ImageObject\",\"inLanguage\":\"es\",\"@id\":\"https:\/\/www.auroraglobalgroup.com\/es\/#\/schema\/logo\/image\/\",\"url\":\"https:\/\/www.auroraglobalgroup.com\/wp-content\/uploads\/2017\/02\/aurora-expertise.png\",\"contentUrl\":\"https:\/\/www.auroraglobalgroup.com\/wp-content\/uploads\/2017\/02\/aurora-expertise.png\",\"width\":389,\"height\":120,\"caption\":\"Aurora Global Group\"},\"image\":{\"@id\":\"https:\/\/www.auroraglobalgroup.com\/es\/#\/schema\/logo\/image\/\"},\"sameAs\":[\"https:\/\/www.facebook.com\/auroraglobalgroup\/\",\"https:\/\/x.com\/global_aurora\",\"https:\/\/es.linkedin.com\/company\/aurora-global-group\"]}]}<\/script>\n<!-- \/ Yoast SEO plugin. -->","yoast_head_json":{"title":"Nuestras Divisiones -","robots":{"index":"index","follow":"follow","max-snippet":"max-snippet:-1","max-image-preview":"max-image-preview:large","max-video-preview":"max-video-preview:-1"},"canonical":"https:\/\/www.auroraglobalgroup.com\/es\/about-us\/our-divisions\/","og_locale":"es_ES","og_type":"article","og_title":"Nuestras Divisiones -","og_description":"[vc_row full_width=\u00bbstretch_row\u00bb parallax=\u00bbcontent-moving\u00bb parallax_image=\u00bb1706&#8243; el_class=\u00bbtext-white\u00bb css=\u00bb.vc_custom_1497279965353{padding-top: 18% !important;padding-bottom: 15% !important;}\u00bb][vc_column][vc_row_inner][vc_column_inner offset=\u00bbvc_col-lg-2 vc_col-md-1 vc_hidden-sm vc_hidden-xs\u00bb][\/vc_column_inner][vc_column_inner offset=\u00bbvc_col-lg-8 vc_col-md-10&#8243;][\/vc_column_inner][\/vc_row_inner][\/vc_column][\/vc_row][vc_row css=\u00bb.vc_custom_1496940280337{padding-top: 80px !important;}\u00bb][vc_column][vc_column_text] Desde [&hellip;]","og_url":"https:\/\/www.auroraglobalgroup.com\/es\/about-us\/our-divisions\/","article_publisher":"https:\/\/www.facebook.com\/auroraglobalgroup\/","article_modified_time":"2023-10-17T14:20:57+00:00","og_image":[{"url":"http:\/\/auroraglobalgroup.com\/wp-content\/uploads\/2017\/02\/home1.png","type":"","width":"","height":""}],"twitter_card":"summary_large_image","twitter_site":"@global_aurora","twitter_misc":{"Tiempo de lectura":"2 minutos"},"schema":{"@context":"https:\/\/schema.org","@graph":[{"@type":"WebPage","@id":"https:\/\/www.auroraglobalgroup.com\/es\/about-us\/our-divisions\/","url":"https:\/\/www.auroraglobalgroup.com\/es\/about-us\/our-divisions\/","name":"Nuestras Divisiones -","isPartOf":{"@id":"https:\/\/www.auroraglobalgroup.com\/es\/#website"},"primaryImageOfPage":{"@id":"https:\/\/www.auroraglobalgroup.com\/es\/about-us\/our-divisions\/#primaryimage"},"image":{"@id":"https:\/\/www.auroraglobalgroup.com\/es\/about-us\/our-divisions\/#primaryimage"},"thumbnailUrl":"https:\/\/www.auroraglobalgroup.com\/wp-content\/uploads\/2017\/02\/home1.png","datePublished":"2017-02-21T01:54:38+00:00","dateModified":"2023-10-17T14:20:57+00:00","breadcrumb":{"@id":"https:\/\/www.auroraglobalgroup.com\/es\/about-us\/our-divisions\/#breadcrumb"},"inLanguage":"es","potentialAction":[{"@type":"ReadAction","target":["https:\/\/www.auroraglobalgroup.com\/es\/about-us\/our-divisions\/"]}]},{"@type":"ImageObject","inLanguage":"es","@id":"https:\/\/www.auroraglobalgroup.com\/es\/about-us\/our-divisions\/#primaryimage","url":"https:\/\/www.auroraglobalgroup.com\/wp-content\/uploads\/2017\/02\/home1.png","contentUrl":"https:\/\/www.auroraglobalgroup.com\/wp-content\/uploads\/2017\/02\/home1.png"},{"@type":"BreadcrumbList","@id":"https:\/\/www.auroraglobalgroup.com\/es\/about-us\/our-divisions\/#breadcrumb","itemListElement":[{"@type":"ListItem","position":1,"name":"Home","item":"https:\/\/www.auroraglobalgroup.com\/es\/"},{"@type":"ListItem","position":2,"name":"Sobre nosotros","item":"https:\/\/www.auroraglobalgroup.com\/es\/about-us\/"},{"@type":"ListItem","position":3,"name":"Nuestras Divisiones"}]},{"@type":"WebSite","@id":"https:\/\/www.auroraglobalgroup.com\/es\/#website","url":"https:\/\/www.auroraglobalgroup.com\/es\/","name":"Auroraglobalgroup","description":"","publisher":{"@id":"https:\/\/www.auroraglobalgroup.com\/es\/#organization"},"potentialAction":[{"@type":"SearchAction","target":{"@type":"EntryPoint","urlTemplate":"https:\/\/www.auroraglobalgroup.com\/es\/?s={search_term_string}"},"query-input":{"@type":"PropertyValueSpecification","valueRequired":true,"valueName":"search_term_string"}}],"inLanguage":"es"},{"@type":"Organization","@id":"https:\/\/www.auroraglobalgroup.com\/es\/#organization","name":"Aurora Global Group","url":"https:\/\/www.auroraglobalgroup.com\/es\/","logo":{"@type":"ImageObject","inLanguage":"es","@id":"https:\/\/www.auroraglobalgroup.com\/es\/#\/schema\/logo\/image\/","url":"https:\/\/www.auroraglobalgroup.com\/wp-content\/uploads\/2017\/02\/aurora-expertise.png","contentUrl":"https:\/\/www.auroraglobalgroup.com\/wp-content\/uploads\/2017\/02\/aurora-expertise.png","width":389,"height":120,"caption":"Aurora Global Group"},"image":{"@id":"https:\/\/www.auroraglobalgroup.com\/es\/#\/schema\/logo\/image\/"},"sameAs":["https:\/\/www.facebook.com\/auroraglobalgroup\/","https:\/\/x.com\/global_aurora","https:\/\/es.linkedin.com\/company\/aurora-global-group"]}]}},"_links":{"self":[{"href":"https:\/\/www.auroraglobalgroup.com\/es\/wp-json\/wp\/v2\/pages\/4722","targetHints":{"allow":["GET"]}}],"collection":[{"href":"https:\/\/www.auroraglobalgroup.com\/es\/wp-json\/wp\/v2\/pages"}],"about":[{"href":"https:\/\/www.auroraglobalgroup.com\/es\/wp-json\/wp\/v2\/types\/page"}],"author":[{"embeddable":true,"href":"https:\/\/www.auroraglobalgroup.com\/es\/wp-json\/wp\/v2\/users\/1"}],"replies":[{"embeddable":true,"href":"https:\/\/www.auroraglobalgroup.com\/es\/wp-json\/wp\/v2\/comments?post=4722"}],"version-history":[{"count":4,"href":"https:\/\/www.auroraglobalgroup.com\/es\/wp-json\/wp\/v2\/pages\/4722\/revisions"}],"predecessor-version":[{"id":4901,"href":"https:\/\/www.auroraglobalgroup.com\/es\/wp-json\/wp\/v2\/pages\/4722\/revisions\/4901"}],"up":[{"embeddable":true,"href":"https:\/\/www.auroraglobalgroup.com\/es\/wp-json\/wp\/v2\/pages\/4716"}],"wp:attachment":[{"href":"https:\/\/www.auroraglobalgroup.com\/es\/wp-json\/wp\/v2\/media?parent=4722"}],"curies":[{"name":"wp","href":"https:\/\/api.w.org\/{rel}","templated":true}]}}