{"id":4733,"date":"2016-09-08T07:42:35","date_gmt":"2016-09-08T07:42:35","guid":{"rendered":"https:\/\/www.auroraglobalgroup.com\/digital-strategy\/"},"modified":"2024-02-20T16:01:41","modified_gmt":"2024-02-20T16:01:41","slug":"digital-strategy-2","status":"publish","type":"page","link":"https:\/\/www.auroraglobalgroup.com\/es\/services\/digital-strategy-2\/","title":{"rendered":"Estrategia Digital"},"content":{"rendered":"<div class=\"wpb-content-wrapper\"><p>[vc_row full_width=\u00bbstretch_row\u00bb equal_height=\u00bbyes\u00bb content_placement=\u00bbmiddle\u00bb el_class=\u00bbservice-header\u00bb css=\u00bb.vc_custom_1497610825299{background-image: url(http:\/\/auroraglobalgroup.com\/wp-content\/uploads\/2017\/01\/slider-digital-estrategy-color.jpg?id=2400) !important;background-position: center !important;background-repeat: no-repeat !important;background-size: cover !important;}\u00bb][vc_column width=\u00bb1\/4&#8243; offset=\u00bbvc_col-md-4&#8243;][vc_single_image image=\u00bb3732&#8243; img_size=\u00bbfull\u00bb alignment=\u00bbright\u00bb css_animation=\u00bbfadeIn\u00bb][\/vc_column][vc_column css_animation=\u00bbfadeInDown\u00bb width=\u00bb3\/4&#8243; offset=\u00bbvc_col-md-8&#8243;]<div class=\"title-section  style1\">\n\t\t<h1 class=\"title\">\n\t\t\tEstrategia Digital\t\t\t\n\t\t<\/h1>\t\t\n\t\t\n\t\t\t<div class=\"title-content\">\n\t\t\t\t<p>Hablamos el lenguage digital<\/p>\n\n\t\t\t<\/div>\n\n\t<\/div>[vc_column_text]Una web es un activo necesario hoy en d\u00eda. Sin embargo, para digitalizar tu negocio, necesitas una estrategia digital. La estrategia digital define la estrategia y el plan para atraer clientes a tu web y hacer crecer tu negocio, utilizando los canales apropiados para tus objetivos.[\/vc_column_text][\/vc_column][\/vc_row][vc_row el_class=\u00bbservice-description\u00bb][vc_column][vc_row_inner equal_height=\u00bbyes\u00bb content_placement=\u00bbmiddle\u00bb gap=\u00bb20&#8243;][vc_column_inner width=\u00bb1\/3&#8243;][vc_single_image image=\u00bb3733&#8243; img_size=\u00bbfull\u00bb alignment=\u00bbcenter\u00bb style=\u00bbvc_box_circle_2&#8243; css_animation=\u00bbfadeIn\u00bb title=\u00bb1&#8243;][\/vc_column_inner][vc_column_inner width=\u00bb2\/3&#8243;][vc_column_text]<\/p>\n<h2>El punto de partida<\/h2>\n<p>Tienes una web. \u00bfEs una buena web, bien desarrollada y responsive? Si es as\u00ed, \u00bfquieres atraer visitas o quieres vender un producto?<br \/>\nTal vez quieras recopilar direcciones de correo electr\u00f3nico ofreciendo contenido gratuito a cambio. Esas son las preguntas que te haremos, y una vez que conozcamos los objetivos de tu empresa, definiremos una Estrategia Digital.[\/vc_column_text][\/vc_column_inner][\/vc_row_inner][vc_row_inner equal_height=\u00bbyes\u00bb content_placement=\u00bbmiddle\u00bb gap=\u00bb20&#8243;][vc_column_inner width=\u00bb2\/3&#8243;][vc_column_text]<\/p>\n<h2 style=\"text-align: right;\">La investigaci\u00f3n previa<\/h2>\n<p style=\"text-align: right;\">Comenzamos analizando tu presencia online: c\u00f3mo est\u00e1s posicionando en los motores de b\u00fasqueda, en las redes sociales y en otras plataformas. Luego, hacemos lo mismo con tu competencia. Esta investigaci\u00f3n previa nos ayudar\u00e1 a comprender tu situaci\u00f3n digital actual y a partir de ah\u00ed, determinar hacia d\u00f3nde debemos avanzar para hacer crecer tu marca.<\/p>\n<p>[\/vc_column_text][\/vc_column_inner][vc_column_inner width=\u00bb1\/3&#8243;][vc_single_image image=\u00bb3734&#8243; img_size=\u00bbfull\u00bb alignment=\u00bbcenter\u00bb style=\u00bbvc_box_circle_2&#8243; css_animation=\u00bbfadeIn\u00bb title=\u00bb2&#8243;][\/vc_column_inner][\/vc_row_inner][vc_row_inner equal_height=\u00bbyes\u00bb content_placement=\u00bbmiddle\u00bb gap=\u00bb20&#8243;][vc_column_inner width=\u00bb1\/3&#8243;][vc_single_image image=\u00bb3735&#8243; img_size=\u00bbfull\u00bb alignment=\u00bbcenter\u00bb style=\u00bbvc_box_circle_2&#8243; css_animation=\u00bbfadeIn\u00bb title=\u00bb3&#8243;][\/vc_column_inner][vc_column_inner width=\u00bb2\/3&#8243;][vc_column_text]<\/p>\n<h2>La Estrategia Online<\/h2>\n<p>Una vez que te hemos estudiado a ti y a tus competidores, trabajamos en definir los objetivos digitales de tu marca, creando la estrategia digital: d\u00f3nde tu marca necesita tener presencia online y c\u00f3mo. Nos aseguramos de construir una historia y mensajes convincentes para tu marca. El plan incluye las acciones necesarias para una exitosa planificaci\u00f3n de medios digitales.[\/vc_column_text][\/vc_column_inner][\/vc_row_inner][vc_row_inner equal_height=\u00bbyes\u00bb content_placement=\u00bbmiddle\u00bb gap=\u00bb20&#8243;][vc_column_inner width=\u00bb2\/3&#8243;][vc_column_text]<\/p>\n<h2 style=\"text-align: right;\">El seguimiento<\/h2>\n<p style=\"text-align: right;\">Una vez que el plan se est\u00e1 implementando, ya sea por ti mismo o utilizando nuestros servicios, realizamos evaluaciones mensuales para verificar que el plan se est\u00e9 implementando con \u00e9xito. Este seguimiento se comparar\u00e1 con el momento de inicio y con revisiones previas cuando sea necesario. Si se necesitan correcciones, actuamos de inmediato. Los medios digitales fluyen en un entorno muy din\u00e1mico.<\/p>\n<p>[\/vc_column_text][\/vc_column_inner][vc_column_inner width=\u00bb1\/3&#8243;][vc_single_image image=\u00bb3777&#8243; img_size=\u00bbfull\u00bb alignment=\u00bbcenter\u00bb style=\u00bbvc_box_circle_2&#8243; css_animation=\u00bbfadeIn\u00bb title=\u00bb4&#8243;][\/vc_column_inner][\/vc_row_inner][\/vc_column][\/vc_row][vc_row full_width=\u00bbstretch_row\u00bb el_class=\u00bbtext-center mod-services\u00bb css=\u00bb.vc_custom_1497265638948{padding-top: 50px !important;padding-bottom: 50px !important;background-color: #f2f2f2 !important;}\u00bb][vc_column]<div class=\"title-section  style1\">\n\t\t<h1 class=\"title\">\n\t\t\tOur services\t\t\t\n\t\t<\/h1>\t\t\n\t\t\n\n\t<\/div>[vc_row_inner][vc_column_inner width=\u00bb1\/6&#8243;]<a href=\"http:\/\/auroraglobalgroup.com\/services\/business-strategy\/\"><div class=\"iconbox   \">\n\t\t<div class=\"box-header\">\n\t\t\t<div class=\"box-icon\"><img decoding=\"async\" src=\"https:\/\/www.auroraglobalgroup.com\/wp-content\/uploads\/2016\/08\/home-icon1.png\" alt=\"Business strategy\" \/><\/div>\n\t\t\t<h2 class=\"box-title\">Business strategy<\/h2>\n\t\t\t\n\t\t<\/div>\n\t\t<div class=\"box-content\">\n\t\t\t\n\t\t\t\n\t\t<\/div>\n\t<\/div><\/a>[\/vc_column_inner][vc_column_inner width=\u00bb1\/6&#8243;]<a href=\"http:\/\/auroraglobalgroup.com\/services\/platform-development\/\"><div class=\"iconbox   \">\n\t\t<div class=\"box-header\">\n\t\t\t<div class=\"box-icon\"><img decoding=\"async\" src=\"https:\/\/www.auroraglobalgroup.com\/wp-content\/uploads\/2016\/08\/home-icon2.png\" alt=\"Platform development\" \/><\/div>\n\t\t\t<h2 class=\"box-title\">Platform development<\/h2>\n\t\t\t\n\t\t<\/div>\n\t\t<div class=\"box-content\">\n\t\t\t\n\t\t\t\n\t\t<\/div>\n\t<\/div><\/a>[\/vc_column_inner][vc_column_inner width=\u00bb1\/6&#8243;]<a href=\"http:\/\/auroraglobalgroup.com\/services\/social-media\/\"><div class=\"iconbox   \">\n\t\t<div class=\"box-header\">\n\t\t\t<div class=\"box-icon\"><img decoding=\"async\" src=\"https:\/\/www.auroraglobalgroup.com\/wp-content\/uploads\/2016\/08\/home-icon3.png\" alt=\"Social Media\" \/><\/div>\n\t\t\t<h2 class=\"box-title\">Social Media<\/h2>\n\t\t\t\n\t\t<\/div>\n\t\t<div class=\"box-content\">\n\t\t\t\n\t\t\t\n\t\t<\/div>\n\t<\/div><\/a>[\/vc_column_inner][vc_column_inner width=\u00bb1\/6&#8243;]<a href=\"http:\/\/auroraglobalgroup.com\/services\/marketing-plan\/\"><div class=\"iconbox   \">\n\t\t<div class=\"box-header\">\n\t\t\t<div class=\"box-icon\"><img decoding=\"async\" src=\"https:\/\/www.auroraglobalgroup.com\/wp-content\/uploads\/2016\/08\/home-icon4.png\" alt=\"Plan de Marketing\" \/><\/div>\n\t\t\t<h2 class=\"box-title\">Plan de Marketing<\/h2>\n\t\t\t\n\t\t<\/div>\n\t\t<div class=\"box-content\">\n\t\t\t\n\t\t\t\n\t\t<\/div>\n\t<\/div><\/a>[\/vc_column_inner][vc_column_inner width=\u00bb1\/6&#8243;]<a href=\"http:\/\/auroraglobalgroup.com\/services\/digital-strategy\/\"><div class=\"iconbox   \">\n\t\t<div class=\"box-header\">\n\t\t\t<div class=\"box-icon\"><img decoding=\"async\" src=\"https:\/\/www.auroraglobalgroup.com\/wp-content\/uploads\/2016\/08\/home-icon5.png\" alt=\"Estrategia Digital\" \/><\/div>\n\t\t\t<h2 class=\"box-title\">Estrategia Digital<\/h2>\n\t\t\t\n\t\t<\/div>\n\t\t<div class=\"box-content\">\n\t\t\t\n\t\t\t\n\t\t<\/div>\n\t<\/div><\/a>[\/vc_column_inner][vc_column_inner width=\u00bb1\/6&#8243;]<a href=\"http:\/\/auroraglobalgroup.com\/services\/training\/\"><div class=\"iconbox   \">\n\t\t<div class=\"box-header\">\n\t\t\t<div class=\"box-icon\"><img decoding=\"async\" src=\"https:\/\/www.auroraglobalgroup.com\/wp-content\/uploads\/2016\/08\/home-icon6.png\" alt=\"Formaci\u00f3n\" \/><\/div>\n\t\t\t<h2 class=\"box-title\">Formaci\u00f3n<\/h2>\n\t\t\t\n\t\t<\/div>\n\t\t<div class=\"box-content\">\n\t\t\t\n\t\t\t\n\t\t<\/div>\n\t<\/div><\/a>[\/vc_column_inner][\/vc_row_inner][\/vc_column][\/vc_row][vc_row full_width=\u00bbstretch_row\u00bb gap=\u00bb30&#8243; css=\u00bb.vc_custom_1496938231838{padding-bottom: 50px !important;background-color: #c54190 !important;}\u00bb el_class=\u00bbtext-white\u00bb][vc_column width=\u00bb1\/2&#8243; offset=\u00bbvc_col-md-5&#8243;][vc_column_text]<\/p>\n<h2>Estamos aqu\u00ed para ti.<\/h2>\n<p>\u00bfTienes alguna pregunta? Estamos aqu\u00ed para apoyarte en aprovechar todo el potencial de tu negocio.[\/vc_column_text][\/vc_column][vc_column width=\u00bb1\/2&#8243; offset=\u00bbvc_col-md-offset-1&#8243;]\n<div class=\"wpcf7 no-js\" id=\"wpcf7-f1623-o1\" lang=\"en-US\" dir=\"ltr\" data-wpcf7-id=\"1623\">\n<div class=\"screen-reader-response\"><p role=\"status\" aria-live=\"polite\" aria-atomic=\"true\"><\/p> <ul><\/ul><\/div>\n<form action=\"\/es\/wp-json\/wp\/v2\/pages\/4733#wpcf7-f1623-o1\" method=\"post\" class=\"wpcf7-form init\" aria-label=\"Contact form\" novalidate=\"novalidate\" data-status=\"init\">\n<fieldset class=\"hidden-fields-container\"><input type=\"hidden\" name=\"_wpcf7\" value=\"1623\" \/><input type=\"hidden\" name=\"_wpcf7_version\" value=\"6.1.6\" \/><input type=\"hidden\" name=\"_wpcf7_locale\" value=\"en_US\" \/><input type=\"hidden\" name=\"_wpcf7_unit_tag\" value=\"wpcf7-f1623-o1\" \/><input type=\"hidden\" name=\"_wpcf7_container_post\" value=\"0\" \/><input type=\"hidden\" name=\"_wpcf7_posted_data_hash\" value=\"\" \/>\n<\/fieldset>\n<div class=\"row\">\n\t<div class=\"col-sm-6\">\n\t\t<p><span class=\"wpcf7-form-control-wrap\" data-name=\"text-363\"><input size=\"40\" maxlength=\"400\" class=\"wpcf7-form-control wpcf7-text wpcf7-validates-as-required form-control\" aria-required=\"true\" aria-invalid=\"false\" placeholder=\"Name *\" value=\"\" type=\"text\" name=\"text-363\" \/><\/span><br \/>\n<span class=\"wpcf7-form-control-wrap\" data-name=\"email-97\"><input size=\"40\" maxlength=\"400\" class=\"wpcf7-form-control wpcf7-email wpcf7-validates-as-required wpcf7-text wpcf7-validates-as-email form-control\" aria-required=\"true\" aria-invalid=\"false\" placeholder=\"Email *\" value=\"\" type=\"email\" name=\"email-97\" \/><\/span><br \/>\n<span class=\"wpcf7-form-control-wrap\" data-name=\"text-364\"><input size=\"40\" maxlength=\"400\" class=\"wpcf7-form-control wpcf7-text form-control\" aria-invalid=\"false\" placeholder=\"Subject *\" value=\"\" type=\"text\" name=\"text-364\" \/><\/span>\n\t\t<\/p>\n\t<\/div>\n\t<div class=\"col-sm-6\">\n\t\t<p><span class=\"wpcf7-form-control-wrap\" data-name=\"textarea-883\"><textarea cols=\"40\" rows=\"10\" maxlength=\"2000\" class=\"wpcf7-form-control wpcf7-textarea form-control\" aria-invalid=\"false\" placeholder=\"Message *\" name=\"textarea-883\"><\/textarea><\/span><br \/>\n<div id=\"cf7sr-6a0965056ad4f\" class=\"cf7sr-g-recaptcha\" data-theme=\"light\" data-type=\"image\" data-size=\"normal\" data-sitekey=\"6LeMwocUAAAAACvc3beqPbcupCMAD0zHWBRaBUst\"><\/div><span class=\"wpcf7-form-control-wrap cf7sr-recaptcha\" data-name=\"cf7sr-recaptcha\"><input type=\"hidden\" name=\"cf7sr-recaptcha\" value=\"\" class=\"wpcf7-form-control\"><\/span><br \/>\n<span id=\"wpcf7-6a0965056ab30-wrapper\" class=\"wpcf7-form-control-wrap honeypot-838-wrap\" style=\"display:none !important; visibility:hidden !important;\"><input type=\"hidden\" name=\"honeypot-838-time-start\" value=\"1779000581\"><input type=\"hidden\" name=\"honeypot-838-time-check\" value=\"6\"><input id=\"hon\"  class=\"wpcf7-form-control wpcf7-text\" type=\"text\" name=\"honeypot-838\" value=\"\" size=\"40\" tabindex=\"-1\" autocomplete=\"new-password\" \/><\/span>\n\t\t<\/p>\n\t<\/div>\n<\/div>\n<p><input class=\"wpcf7-form-control wpcf7-submit has-spinner btn btn-warning\" type=\"submit\" value=\"Send\" \/>\n<\/p><div class=\"wpcf7-response-output\" aria-hidden=\"true\"><\/div>\n<\/form>\n<\/div>\n[\/vc_column][\/vc_row]<\/p>\n<\/div>","protected":false},"excerpt":{"rendered":"<p>[vc_row full_width=\u00bbstretch_row\u00bb equal_height=\u00bbyes\u00bb content_placement=\u00bbmiddle\u00bb el_class=\u00bbservice-header\u00bb css=\u00bb.vc_custom_1497610825299{background-image: url(http:\/\/auroraglobalgroup.com\/wp-content\/uploads\/2017\/01\/slider-digital-estrategy-color.jpg?id=2400) !important;background-position: center !important;background-repeat: no-repeat !important;background-size: cover !important;}\u00bb][vc_column width=\u00bb1\/4&#8243; offset=\u00bbvc_col-md-4&#8243;][vc_single_image image=\u00bb3732&#8243; img_size=\u00bbfull\u00bb alignment=\u00bbright\u00bb css_animation=\u00bbfadeIn\u00bb][\/vc_column][vc_column [&hellip;]<\/p>\n","protected":false},"author":1,"featured_media":0,"parent":4743,"menu_order":55,"comment_status":"closed","ping_status":"closed","template":"","meta":{"footnotes":""},"class_list":["post-4733","page","type-page","status-publish","hentry"],"yoast_head":"<!-- This site is optimized with the Yoast SEO plugin v26.8 - https:\/\/yoast.com\/product\/yoast-seo-wordpress\/ -->\n<title>Estrategia Digital -<\/title>\n<meta name=\"robots\" content=\"index, follow, max-snippet:-1, max-image-preview:large, max-video-preview:-1\" \/>\n<link rel=\"canonical\" href=\"https:\/\/www.auroraglobalgroup.com\/es\/services\/digital-strategy-2\/\" \/>\n<meta property=\"og:locale\" content=\"es_ES\" \/>\n<meta property=\"og:type\" content=\"article\" \/>\n<meta property=\"og:title\" content=\"Estrategia Digital -\" \/>\n<meta property=\"og:description\" content=\"[vc_row full_width=\u00bbstretch_row\u00bb equal_height=\u00bbyes\u00bb content_placement=\u00bbmiddle\u00bb el_class=\u00bbservice-header\u00bb css=\u00bb.vc_custom_1497610825299{background-image: url(http:\/\/auroraglobalgroup.com\/wp-content\/uploads\/2017\/01\/slider-digital-estrategy-color.jpg?id=2400) !important;background-position: center !important;background-repeat: no-repeat !important;background-size: cover !important;}\u00bb][vc_column width=\u00bb1\/4&#8243; offset=\u00bbvc_col-md-4&#8243;][vc_single_image image=\u00bb3732&#8243; img_size=\u00bbfull\u00bb alignment=\u00bbright\u00bb css_animation=\u00bbfadeIn\u00bb][\/vc_column][vc_column [&hellip;]\" \/>\n<meta property=\"og:url\" content=\"https:\/\/www.auroraglobalgroup.com\/es\/services\/digital-strategy-2\/\" \/>\n<meta property=\"article:publisher\" content=\"https:\/\/www.facebook.com\/auroraglobalgroup\/\" \/>\n<meta property=\"article:modified_time\" content=\"2024-02-20T16:01:41+00:00\" \/>\n<meta name=\"twitter:card\" content=\"summary_large_image\" \/>\n<meta name=\"twitter:site\" content=\"@global_aurora\" \/>\n<meta name=\"twitter:label1\" content=\"Tiempo de lectura\" \/>\n\t<meta name=\"twitter:data1\" content=\"5 minutos\" \/>\n<script type=\"application\/ld+json\" class=\"yoast-schema-graph\">{\"@context\":\"https:\/\/schema.org\",\"@graph\":[{\"@type\":\"WebPage\",\"@id\":\"https:\/\/www.auroraglobalgroup.com\/es\/services\/digital-strategy-2\/\",\"url\":\"https:\/\/www.auroraglobalgroup.com\/es\/services\/digital-strategy-2\/\",\"name\":\"Estrategia Digital -\",\"isPartOf\":{\"@id\":\"https:\/\/www.auroraglobalgroup.com\/es\/#website\"},\"datePublished\":\"2016-09-08T07:42:35+00:00\",\"dateModified\":\"2024-02-20T16:01:41+00:00\",\"breadcrumb\":{\"@id\":\"https:\/\/www.auroraglobalgroup.com\/es\/services\/digital-strategy-2\/#breadcrumb\"},\"inLanguage\":\"es\",\"potentialAction\":[{\"@type\":\"ReadAction\",\"target\":[\"https:\/\/www.auroraglobalgroup.com\/es\/services\/digital-strategy-2\/\"]}]},{\"@type\":\"BreadcrumbList\",\"@id\":\"https:\/\/www.auroraglobalgroup.com\/es\/services\/digital-strategy-2\/#breadcrumb\",\"itemListElement\":[{\"@type\":\"ListItem\",\"position\":1,\"name\":\"Home\",\"item\":\"https:\/\/www.auroraglobalgroup.com\/es\/\"},{\"@type\":\"ListItem\",\"position\":2,\"name\":\"Servicios\",\"item\":\"https:\/\/www.auroraglobalgroup.com\/es\/services\/\"},{\"@type\":\"ListItem\",\"position\":3,\"name\":\"Estrategia Digital\"}]},{\"@type\":\"WebSite\",\"@id\":\"https:\/\/www.auroraglobalgroup.com\/es\/#website\",\"url\":\"https:\/\/www.auroraglobalgroup.com\/es\/\",\"name\":\"Auroraglobalgroup\",\"description\":\"\",\"publisher\":{\"@id\":\"https:\/\/www.auroraglobalgroup.com\/es\/#organization\"},\"potentialAction\":[{\"@type\":\"SearchAction\",\"target\":{\"@type\":\"EntryPoint\",\"urlTemplate\":\"https:\/\/www.auroraglobalgroup.com\/es\/?s={search_term_string}\"},\"query-input\":{\"@type\":\"PropertyValueSpecification\",\"valueRequired\":true,\"valueName\":\"search_term_string\"}}],\"inLanguage\":\"es\"},{\"@type\":\"Organization\",\"@id\":\"https:\/\/www.auroraglobalgroup.com\/es\/#organization\",\"name\":\"Aurora Global Group\",\"url\":\"https:\/\/www.auroraglobalgroup.com\/es\/\",\"logo\":{\"@type\":\"ImageObject\",\"inLanguage\":\"es\",\"@id\":\"https:\/\/www.auroraglobalgroup.com\/es\/#\/schema\/logo\/image\/\",\"url\":\"https:\/\/www.auroraglobalgroup.com\/wp-content\/uploads\/2017\/02\/aurora-expertise.png\",\"contentUrl\":\"https:\/\/www.auroraglobalgroup.com\/wp-content\/uploads\/2017\/02\/aurora-expertise.png\",\"width\":389,\"height\":120,\"caption\":\"Aurora Global Group\"},\"image\":{\"@id\":\"https:\/\/www.auroraglobalgroup.com\/es\/#\/schema\/logo\/image\/\"},\"sameAs\":[\"https:\/\/www.facebook.com\/auroraglobalgroup\/\",\"https:\/\/x.com\/global_aurora\",\"https:\/\/es.linkedin.com\/company\/aurora-global-group\"]}]}<\/script>\n<!-- \/ Yoast SEO plugin. -->","yoast_head_json":{"title":"Estrategia Digital -","robots":{"index":"index","follow":"follow","max-snippet":"max-snippet:-1","max-image-preview":"max-image-preview:large","max-video-preview":"max-video-preview:-1"},"canonical":"https:\/\/www.auroraglobalgroup.com\/es\/services\/digital-strategy-2\/","og_locale":"es_ES","og_type":"article","og_title":"Estrategia Digital -","og_description":"[vc_row full_width=\u00bbstretch_row\u00bb equal_height=\u00bbyes\u00bb content_placement=\u00bbmiddle\u00bb el_class=\u00bbservice-header\u00bb css=\u00bb.vc_custom_1497610825299{background-image: url(http:\/\/auroraglobalgroup.com\/wp-content\/uploads\/2017\/01\/slider-digital-estrategy-color.jpg?id=2400) !important;background-position: center !important;background-repeat: no-repeat !important;background-size: cover !important;}\u00bb][vc_column width=\u00bb1\/4&#8243; offset=\u00bbvc_col-md-4&#8243;][vc_single_image image=\u00bb3732&#8243; img_size=\u00bbfull\u00bb alignment=\u00bbright\u00bb css_animation=\u00bbfadeIn\u00bb][\/vc_column][vc_column [&hellip;]","og_url":"https:\/\/www.auroraglobalgroup.com\/es\/services\/digital-strategy-2\/","article_publisher":"https:\/\/www.facebook.com\/auroraglobalgroup\/","article_modified_time":"2024-02-20T16:01:41+00:00","twitter_card":"summary_large_image","twitter_site":"@global_aurora","twitter_misc":{"Tiempo de lectura":"5 minutos"},"schema":{"@context":"https:\/\/schema.org","@graph":[{"@type":"WebPage","@id":"https:\/\/www.auroraglobalgroup.com\/es\/services\/digital-strategy-2\/","url":"https:\/\/www.auroraglobalgroup.com\/es\/services\/digital-strategy-2\/","name":"Estrategia Digital -","isPartOf":{"@id":"https:\/\/www.auroraglobalgroup.com\/es\/#website"},"datePublished":"2016-09-08T07:42:35+00:00","dateModified":"2024-02-20T16:01:41+00:00","breadcrumb":{"@id":"https:\/\/www.auroraglobalgroup.com\/es\/services\/digital-strategy-2\/#breadcrumb"},"inLanguage":"es","potentialAction":[{"@type":"ReadAction","target":["https:\/\/www.auroraglobalgroup.com\/es\/services\/digital-strategy-2\/"]}]},{"@type":"BreadcrumbList","@id":"https:\/\/www.auroraglobalgroup.com\/es\/services\/digital-strategy-2\/#breadcrumb","itemListElement":[{"@type":"ListItem","position":1,"name":"Home","item":"https:\/\/www.auroraglobalgroup.com\/es\/"},{"@type":"ListItem","position":2,"name":"Servicios","item":"https:\/\/www.auroraglobalgroup.com\/es\/services\/"},{"@type":"ListItem","position":3,"name":"Estrategia Digital"}]},{"@type":"WebSite","@id":"https:\/\/www.auroraglobalgroup.com\/es\/#website","url":"https:\/\/www.auroraglobalgroup.com\/es\/","name":"Auroraglobalgroup","description":"","publisher":{"@id":"https:\/\/www.auroraglobalgroup.com\/es\/#organization"},"potentialAction":[{"@type":"SearchAction","target":{"@type":"EntryPoint","urlTemplate":"https:\/\/www.auroraglobalgroup.com\/es\/?s={search_term_string}"},"query-input":{"@type":"PropertyValueSpecification","valueRequired":true,"valueName":"search_term_string"}}],"inLanguage":"es"},{"@type":"Organization","@id":"https:\/\/www.auroraglobalgroup.com\/es\/#organization","name":"Aurora Global Group","url":"https:\/\/www.auroraglobalgroup.com\/es\/","logo":{"@type":"ImageObject","inLanguage":"es","@id":"https:\/\/www.auroraglobalgroup.com\/es\/#\/schema\/logo\/image\/","url":"https:\/\/www.auroraglobalgroup.com\/wp-content\/uploads\/2017\/02\/aurora-expertise.png","contentUrl":"https:\/\/www.auroraglobalgroup.com\/wp-content\/uploads\/2017\/02\/aurora-expertise.png","width":389,"height":120,"caption":"Aurora Global Group"},"image":{"@id":"https:\/\/www.auroraglobalgroup.com\/es\/#\/schema\/logo\/image\/"},"sameAs":["https:\/\/www.facebook.com\/auroraglobalgroup\/","https:\/\/x.com\/global_aurora","https:\/\/es.linkedin.com\/company\/aurora-global-group"]}]}},"_links":{"self":[{"href":"https:\/\/www.auroraglobalgroup.com\/es\/wp-json\/wp\/v2\/pages\/4733","targetHints":{"allow":["GET"]}}],"collection":[{"href":"https:\/\/www.auroraglobalgroup.com\/es\/wp-json\/wp\/v2\/pages"}],"about":[{"href":"https:\/\/www.auroraglobalgroup.com\/es\/wp-json\/wp\/v2\/types\/page"}],"author":[{"embeddable":true,"href":"https:\/\/www.auroraglobalgroup.com\/es\/wp-json\/wp\/v2\/users\/1"}],"replies":[{"embeddable":true,"href":"https:\/\/www.auroraglobalgroup.com\/es\/wp-json\/wp\/v2\/comments?post=4733"}],"version-history":[{"count":6,"href":"https:\/\/www.auroraglobalgroup.com\/es\/wp-json\/wp\/v2\/pages\/4733\/revisions"}],"predecessor-version":[{"id":5328,"href":"https:\/\/www.auroraglobalgroup.com\/es\/wp-json\/wp\/v2\/pages\/4733\/revisions\/5328"}],"up":[{"embeddable":true,"href":"https:\/\/www.auroraglobalgroup.com\/es\/wp-json\/wp\/v2\/pages\/4743"}],"wp:attachment":[{"href":"https:\/\/www.auroraglobalgroup.com\/es\/wp-json\/wp\/v2\/media?parent=4733"}],"curies":[{"name":"wp","href":"https:\/\/api.w.org\/{rel}","templated":true}]}}