{"id":4741,"date":"2016-08-25T04:22:25","date_gmt":"2016-08-25T04:22:25","guid":{"rendered":"https:\/\/www.auroraglobalgroup.com\/about-us\/our-team\/"},"modified":"2023-10-18T10:27:27","modified_gmt":"2023-10-18T10:27:27","slug":"our-team","status":"publish","type":"page","link":"https:\/\/www.auroraglobalgroup.com\/es\/about-us\/our-team\/","title":{"rendered":"Nuestro Equipo"},"content":{"rendered":"<div class=\"wpb-content-wrapper\"><p>[vc_row full_width=\u00bbstretch_row\u00bb css=\u00bb.vc_custom_1497526165035{padding-top: 100px !important;padding-bottom: 100px !important;background-image: url(http:\/\/auroraglobalgroup.com\/wp-content\/uploads\/2016\/08\/aurora-team.jpg?id=1968) !important;background-position: center !important;background-repeat: no-repeat !important;background-size: cover !important;}\u00bb][vc_column][vc_column_text]<\/p>\n<h1 style=\"text-align: center; color: #ffffff; font-size: 74px;\">Nuestro equipo<\/h1>\n<p style=\"text-align: center; color: #fff;\">Tu \u00e9xito es nuestro \u00e9xito.<\/p>\n<p>[\/vc_column_text][\/vc_column][\/vc_row][vc_row full_width=\u00bbstretch_row\u00bb css=\u00bb.vc_custom_1497526220535{padding-top: 100px !important;padding-bottom: 100px !important;background-color: #ffffff !important;background-position: center !important;background-repeat: no-repeat !important;background-size: cover !important;}\u00bb][vc_column][vc_column_text]<span style=\"font-weight: 400;\">Nuestro equipo est\u00e1 formado por un grupo de amables y experimentados estrategas, expertos en marketing, creativos, programadores, dise\u00f1adores, escritores, todos ellos trabajadores incansables. Creemos en un mundo mejor y estamos ansiosos por contribuir a ello de cualquier forma posible. Buscamos l\u00edderes y empresas para apoyarlos en su estrategia, marketing y digital. Creemos que cada negocio debe tener una presencia digital atractiva y bien desarrollada.<\/span><\/p>\n<p><span style=\"font-weight: 400;\">Trabajamos con un equipo de profesionales apasionados que aman lo que hacen. Seleccionamos a nuestros miembros del equipo entre los mejores expertos en el sector. Ofrecemos la opci\u00f3n de trabajar de forma virtual y decidir el horario de trabajo. La confianza est\u00e1 en nuestro n\u00facleo y fomentamos el equilibrio a lo largo de la vida mientras generamos resultados y superamos las expectativas de nuestros clientes. <\/span><\/p>\n<p><strong>Nuestra filosof\u00eda: Tu \u00e9xito es nuestro \u00e9xito.<\/strong>[\/vc_column_text][\/vc_column][\/vc_row][vc_row full_width=\u00bbstretch_row\u00bb css=\u00bb.vc_custom_1497526247314{padding-top: 100px !important;padding-bottom: 100px !important;background-color: #eeeeee !important;background-position: center !important;background-repeat: no-repeat !important;background-size: cover !important;}\u00bb][vc_column][vc_column_text]<\/p>\n<h2>Carreras<\/h2>\n<p><span style=\"font-weight: 400;\">Si tienes experiencia en estrategia, marketing y\/o digital, te apasiona lo que haces, y tienes fuertes habilidades en las siguientes \u00e1reas:<\/span><\/p>\n<p><span style=\"font-weight: 400;\">Storytelling, edici\u00f3n, redacci\u00f3n, redacci\u00f3n m\u00e9dica, desarrollo web, SEO\/SEM, gesti\u00f3n de redes sociales, dise\u00f1o gr\u00e1fico, <\/span><\/p>\n<p><span style=\"font-weight: 400;\">y con experiencia trabajando en el sector salud o para empresas de cualquier tama\u00f1o, por favor, env\u00edanos tu curr\u00edculum, una biograf\u00eda sobre ti y tu trabajo, y por qu\u00e9 te gustar\u00eda formar parte de Aurora Global, a <strong>info@auroraglobalgroup.com<\/strong><\/span>[\/vc_column_text][\/vc_column][\/vc_row][vc_row full_width=\u00bbstretch_row\u00bb css=\u00bb.vc_custom_1497526293962{padding-top: 100px !important;padding-bottom: 100px !important;background-color: #222222 !important;background-position: center !important;background-repeat: no-repeat !important;background-size: cover !important;}\u00bb][vc_column][vc_column_text]<\/p>\n<p style=\"text-align: center;\"><span style=\"color: #ffffff;\"><em>\u00abNo soy un producto de mis circunstancias.<\/em><\/span><br \/>\n<span style=\"color: #ffffff;\"> <em>Soy un producto de mis decisiones.\u00bb <\/em><\/span><\/p>\n<p style=\"text-align: center;\"><span style=\"color: #ffffff;\">Stephen Covey.<\/span><\/p>\n<p>[\/vc_column_text][\/vc_column][\/vc_row]<\/p>\n<\/div>","protected":false},"excerpt":{"rendered":"<p>[vc_row full_width=\u00bbstretch_row\u00bb css=\u00bb.vc_custom_1497526165035{padding-top: 100px !important;padding-bottom: 100px !important;background-image: url(http:\/\/auroraglobalgroup.com\/wp-content\/uploads\/2016\/08\/aurora-team.jpg?id=1968) !important;background-position: center !important;background-repeat: no-repeat !important;background-size: cover !important;}\u00bb][vc_column][vc_column_text] Nuestro equipo Tu \u00e9xito es [&hellip;]<\/p>\n","protected":false},"author":1,"featured_media":0,"parent":4716,"menu_order":39,"comment_status":"closed","ping_status":"closed","template":"","meta":{"footnotes":""},"class_list":["post-4741","page","type-page","status-publish","hentry"],"yoast_head":"<!-- This site is optimized with the Yoast SEO plugin v26.8 - https:\/\/yoast.com\/product\/yoast-seo-wordpress\/ -->\n<title>Nuestro Equipo -<\/title>\n<meta name=\"robots\" content=\"index, follow, max-snippet:-1, max-image-preview:large, max-video-preview:-1\" \/>\n<link rel=\"canonical\" href=\"https:\/\/www.auroraglobalgroup.com\/es\/about-us\/our-team\/\" \/>\n<meta property=\"og:locale\" content=\"es_ES\" \/>\n<meta property=\"og:type\" content=\"article\" \/>\n<meta property=\"og:title\" content=\"Nuestro Equipo -\" \/>\n<meta property=\"og:description\" content=\"[vc_row full_width=\u00bbstretch_row\u00bb css=\u00bb.vc_custom_1497526165035{padding-top: 100px !important;padding-bottom: 100px !important;background-image: url(http:\/\/auroraglobalgroup.com\/wp-content\/uploads\/2016\/08\/aurora-team.jpg?id=1968) !important;background-position: center !important;background-repeat: no-repeat !important;background-size: cover !important;}\u00bb][vc_column][vc_column_text] Nuestro equipo Tu \u00e9xito es [&hellip;]\" \/>\n<meta property=\"og:url\" content=\"https:\/\/www.auroraglobalgroup.com\/es\/about-us\/our-team\/\" \/>\n<meta property=\"article:publisher\" content=\"https:\/\/www.facebook.com\/auroraglobalgroup\/\" \/>\n<meta property=\"article:modified_time\" content=\"2023-10-18T10:27:27+00:00\" \/>\n<meta name=\"twitter:card\" content=\"summary_large_image\" \/>\n<meta name=\"twitter:site\" content=\"@global_aurora\" \/>\n<meta name=\"twitter:label1\" content=\"Tiempo de lectura\" \/>\n\t<meta name=\"twitter:data1\" content=\"2 minutos\" \/>\n<script type=\"application\/ld+json\" class=\"yoast-schema-graph\">{\"@context\":\"https:\/\/schema.org\",\"@graph\":[{\"@type\":\"WebPage\",\"@id\":\"https:\/\/www.auroraglobalgroup.com\/es\/about-us\/our-team\/\",\"url\":\"https:\/\/www.auroraglobalgroup.com\/es\/about-us\/our-team\/\",\"name\":\"Nuestro Equipo -\",\"isPartOf\":{\"@id\":\"https:\/\/www.auroraglobalgroup.com\/es\/#website\"},\"datePublished\":\"2016-08-25T04:22:25+00:00\",\"dateModified\":\"2023-10-18T10:27:27+00:00\",\"breadcrumb\":{\"@id\":\"https:\/\/www.auroraglobalgroup.com\/es\/about-us\/our-team\/#breadcrumb\"},\"inLanguage\":\"es\",\"potentialAction\":[{\"@type\":\"ReadAction\",\"target\":[\"https:\/\/www.auroraglobalgroup.com\/es\/about-us\/our-team\/\"]}]},{\"@type\":\"BreadcrumbList\",\"@id\":\"https:\/\/www.auroraglobalgroup.com\/es\/about-us\/our-team\/#breadcrumb\",\"itemListElement\":[{\"@type\":\"ListItem\",\"position\":1,\"name\":\"Home\",\"item\":\"https:\/\/www.auroraglobalgroup.com\/es\/\"},{\"@type\":\"ListItem\",\"position\":2,\"name\":\"Sobre nosotros\",\"item\":\"https:\/\/www.auroraglobalgroup.com\/es\/about-us\/\"},{\"@type\":\"ListItem\",\"position\":3,\"name\":\"Nuestro Equipo\"}]},{\"@type\":\"WebSite\",\"@id\":\"https:\/\/www.auroraglobalgroup.com\/es\/#website\",\"url\":\"https:\/\/www.auroraglobalgroup.com\/es\/\",\"name\":\"Auroraglobalgroup\",\"description\":\"\",\"publisher\":{\"@id\":\"https:\/\/www.auroraglobalgroup.com\/es\/#organization\"},\"potentialAction\":[{\"@type\":\"SearchAction\",\"target\":{\"@type\":\"EntryPoint\",\"urlTemplate\":\"https:\/\/www.auroraglobalgroup.com\/es\/?s={search_term_string}\"},\"query-input\":{\"@type\":\"PropertyValueSpecification\",\"valueRequired\":true,\"valueName\":\"search_term_string\"}}],\"inLanguage\":\"es\"},{\"@type\":\"Organization\",\"@id\":\"https:\/\/www.auroraglobalgroup.com\/es\/#organization\",\"name\":\"Aurora Global Group\",\"url\":\"https:\/\/www.auroraglobalgroup.com\/es\/\",\"logo\":{\"@type\":\"ImageObject\",\"inLanguage\":\"es\",\"@id\":\"https:\/\/www.auroraglobalgroup.com\/es\/#\/schema\/logo\/image\/\",\"url\":\"https:\/\/www.auroraglobalgroup.com\/wp-content\/uploads\/2017\/02\/aurora-expertise.png\",\"contentUrl\":\"https:\/\/www.auroraglobalgroup.com\/wp-content\/uploads\/2017\/02\/aurora-expertise.png\",\"width\":389,\"height\":120,\"caption\":\"Aurora Global Group\"},\"image\":{\"@id\":\"https:\/\/www.auroraglobalgroup.com\/es\/#\/schema\/logo\/image\/\"},\"sameAs\":[\"https:\/\/www.facebook.com\/auroraglobalgroup\/\",\"https:\/\/x.com\/global_aurora\",\"https:\/\/es.linkedin.com\/company\/aurora-global-group\"]}]}<\/script>\n<!-- \/ Yoast SEO plugin. -->","yoast_head_json":{"title":"Nuestro Equipo -","robots":{"index":"index","follow":"follow","max-snippet":"max-snippet:-1","max-image-preview":"max-image-preview:large","max-video-preview":"max-video-preview:-1"},"canonical":"https:\/\/www.auroraglobalgroup.com\/es\/about-us\/our-team\/","og_locale":"es_ES","og_type":"article","og_title":"Nuestro Equipo -","og_description":"[vc_row full_width=\u00bbstretch_row\u00bb css=\u00bb.vc_custom_1497526165035{padding-top: 100px !important;padding-bottom: 100px !important;background-image: url(http:\/\/auroraglobalgroup.com\/wp-content\/uploads\/2016\/08\/aurora-team.jpg?id=1968) !important;background-position: center !important;background-repeat: no-repeat !important;background-size: cover !important;}\u00bb][vc_column][vc_column_text] Nuestro equipo Tu \u00e9xito es [&hellip;]","og_url":"https:\/\/www.auroraglobalgroup.com\/es\/about-us\/our-team\/","article_publisher":"https:\/\/www.facebook.com\/auroraglobalgroup\/","article_modified_time":"2023-10-18T10:27:27+00:00","twitter_card":"summary_large_image","twitter_site":"@global_aurora","twitter_misc":{"Tiempo de lectura":"2 minutos"},"schema":{"@context":"https:\/\/schema.org","@graph":[{"@type":"WebPage","@id":"https:\/\/www.auroraglobalgroup.com\/es\/about-us\/our-team\/","url":"https:\/\/www.auroraglobalgroup.com\/es\/about-us\/our-team\/","name":"Nuestro Equipo -","isPartOf":{"@id":"https:\/\/www.auroraglobalgroup.com\/es\/#website"},"datePublished":"2016-08-25T04:22:25+00:00","dateModified":"2023-10-18T10:27:27+00:00","breadcrumb":{"@id":"https:\/\/www.auroraglobalgroup.com\/es\/about-us\/our-team\/#breadcrumb"},"inLanguage":"es","potentialAction":[{"@type":"ReadAction","target":["https:\/\/www.auroraglobalgroup.com\/es\/about-us\/our-team\/"]}]},{"@type":"BreadcrumbList","@id":"https:\/\/www.auroraglobalgroup.com\/es\/about-us\/our-team\/#breadcrumb","itemListElement":[{"@type":"ListItem","position":1,"name":"Home","item":"https:\/\/www.auroraglobalgroup.com\/es\/"},{"@type":"ListItem","position":2,"name":"Sobre nosotros","item":"https:\/\/www.auroraglobalgroup.com\/es\/about-us\/"},{"@type":"ListItem","position":3,"name":"Nuestro Equipo"}]},{"@type":"WebSite","@id":"https:\/\/www.auroraglobalgroup.com\/es\/#website","url":"https:\/\/www.auroraglobalgroup.com\/es\/","name":"Auroraglobalgroup","description":"","publisher":{"@id":"https:\/\/www.auroraglobalgroup.com\/es\/#organization"},"potentialAction":[{"@type":"SearchAction","target":{"@type":"EntryPoint","urlTemplate":"https:\/\/www.auroraglobalgroup.com\/es\/?s={search_term_string}"},"query-input":{"@type":"PropertyValueSpecification","valueRequired":true,"valueName":"search_term_string"}}],"inLanguage":"es"},{"@type":"Organization","@id":"https:\/\/www.auroraglobalgroup.com\/es\/#organization","name":"Aurora Global Group","url":"https:\/\/www.auroraglobalgroup.com\/es\/","logo":{"@type":"ImageObject","inLanguage":"es","@id":"https:\/\/www.auroraglobalgroup.com\/es\/#\/schema\/logo\/image\/","url":"https:\/\/www.auroraglobalgroup.com\/wp-content\/uploads\/2017\/02\/aurora-expertise.png","contentUrl":"https:\/\/www.auroraglobalgroup.com\/wp-content\/uploads\/2017\/02\/aurora-expertise.png","width":389,"height":120,"caption":"Aurora Global Group"},"image":{"@id":"https:\/\/www.auroraglobalgroup.com\/es\/#\/schema\/logo\/image\/"},"sameAs":["https:\/\/www.facebook.com\/auroraglobalgroup\/","https:\/\/x.com\/global_aurora","https:\/\/es.linkedin.com\/company\/aurora-global-group"]}]}},"_links":{"self":[{"href":"https:\/\/www.auroraglobalgroup.com\/es\/wp-json\/wp\/v2\/pages\/4741","targetHints":{"allow":["GET"]}}],"collection":[{"href":"https:\/\/www.auroraglobalgroup.com\/es\/wp-json\/wp\/v2\/pages"}],"about":[{"href":"https:\/\/www.auroraglobalgroup.com\/es\/wp-json\/wp\/v2\/types\/page"}],"author":[{"embeddable":true,"href":"https:\/\/www.auroraglobalgroup.com\/es\/wp-json\/wp\/v2\/users\/1"}],"replies":[{"embeddable":true,"href":"https:\/\/www.auroraglobalgroup.com\/es\/wp-json\/wp\/v2\/comments?post=4741"}],"version-history":[{"count":5,"href":"https:\/\/www.auroraglobalgroup.com\/es\/wp-json\/wp\/v2\/pages\/4741\/revisions"}],"predecessor-version":[{"id":4917,"href":"https:\/\/www.auroraglobalgroup.com\/es\/wp-json\/wp\/v2\/pages\/4741\/revisions\/4917"}],"up":[{"embeddable":true,"href":"https:\/\/www.auroraglobalgroup.com\/es\/wp-json\/wp\/v2\/pages\/4716"}],"wp:attachment":[{"href":"https:\/\/www.auroraglobalgroup.com\/es\/wp-json\/wp\/v2\/media?parent=4741"}],"curies":[{"name":"wp","href":"https:\/\/api.w.org\/{rel}","templated":true}]}}