{"id":4743,"date":"2016-08-25T04:21:38","date_gmt":"2016-08-25T04:21:38","guid":{"rendered":"https:\/\/www.auroraglobalgroup.com\/services\/"},"modified":"2024-02-20T12:45:21","modified_gmt":"2024-02-20T12:45:21","slug":"services","status":"publish","type":"page","link":"https:\/\/www.auroraglobalgroup.com\/es\/services\/","title":{"rendered":"Servicios"},"content":{"rendered":"<div class=\"wpb-content-wrapper\"><p>[vc_row parallax_speed=\u00bb4&#8243; parallax_x=\u00bb4&#8243; parallax_y=\u00bb4&#8243; el_class=\u00bbtext-center mod-services narrow\u00bb css=\u00bb.vc_custom_1496924276394{padding-top: 50px !important;padding-bottom: 50px !important;}\u00bb][vc_column][vc_row_inner][vc_column_inner]<div class=\"title-section  style1\">\n\t\t<h1 class=\"title\">\n\t\t\tNuestros servicios\t\t\t\n\t\t<\/h1>\t\t\n\t\t\n\t\t\t<div class=\"title-content\">\n\t\t\t\t<p>Existimos para apoyarte en tu camino. Puede tratarse de hacer crecer tu negocio, redefinir tu modelo de negocio o digitalizarte. Escuchamos tus necesidades, analizamos a tu competencia y preparamos lo que recomendamos mejor para tu negocio.<\/p>\n\n\t\t\t<\/div>\n\n\t<\/div>[\/vc_column_inner][\/vc_row_inner][vc_row_inner equal_height=\u00bbyes\u00bb el_id=\u00bbldp-icon-box\u00bb][vc_column_inner width=\u00bb1\/2&#8243; offset=\u00bbvc_col-md-4 vc_col-xs-6&#8243;]<a href=\"http:\/\/auroraglobalgroup.com\/services\/business-strategy\/\"><div class=\"iconbox   \">\n\t\t<div class=\"box-header\">\n\t\t\t<div class=\"box-icon\"><img decoding=\"async\" src=\"https:\/\/www.auroraglobalgroup.com\/wp-content\/uploads\/2016\/08\/home-icon1.png\" alt=\"Estrategia empresarial\" \/><\/div>\n\t\t\t<h2 class=\"box-title\">Estrategia empresarial<\/h2>\n\t\t\t\n\t\t<\/div>\n\t\t<div class=\"box-content\">\n\t\t\t\u00bfEst\u00e1s afrontando un desaf\u00edo? \u00bfO necesitas un plan estrat\u00e9gico? Perm\u00edtenos apoyarte para definir la estrategia de tu empresa, tu marca o tu soluci\u00f3n, y liberar todo tu potencial.\n\t\t\t\n\t\t<\/div>\n\t<\/div><\/a>[\/vc_column_inner][vc_column_inner width=\u00bb1\/2&#8243; offset=\u00bbvc_col-md-4 vc_col-xs-6&#8243;]<a href=\"http:\/\/auroraglobalgroup.com\/services\/platform-development\/\"><div class=\"iconbox   \">\n\t\t<div class=\"box-header\">\n\t\t\t<div class=\"box-icon\"><img decoding=\"async\" src=\"https:\/\/www.auroraglobalgroup.com\/wp-content\/uploads\/2016\/08\/home-icon2.png\" alt=\"Desarrollo de plataformas\" \/><\/div>\n\t\t\t<h2 class=\"box-title\">Desarrollo de plataformas<\/h2>\n\t\t\t\n\t\t<\/div>\n\t\t<div class=\"box-content\">\n\t\t\t\u00bfNecesitas un sitio web, un comercio electr\u00f3nico, una p\u00e1gina de destino, un blog o una aplicaci\u00f3n? Dise\u00f1amos y desarrollamos plataformas innovadoras y atractivas para digitalizar tu negocio.\n\t\t\t\n\t\t<\/div>\n\t<\/div><\/a>[\/vc_column_inner][vc_column_inner width=\u00bb1\/2&#8243; offset=\u00bbvc_col-md-4 vc_col-xs-6&#8243;]<a href=\"http:\/\/auroraglobalgroup.com\/services\/social-media\/\"><div class=\"iconbox   \">\n\t\t<div class=\"box-header\">\n\t\t\t<div class=\"box-icon\"><img decoding=\"async\" src=\"https:\/\/www.auroraglobalgroup.com\/wp-content\/uploads\/2016\/08\/home-icon3.png\" alt=\"Social Media\" \/><\/div>\n\t\t\t<h2 class=\"box-title\">Social Media<\/h2>\n\t\t\t\n\t\t<\/div>\n\t\t<div class=\"box-content\">\n\t\t\tCada empresa debe tener un objetivo, una visi\u00f3n para lograr. Luego debe ser implementada digitalmente. \u00bfY c\u00f3mo se har\u00e1 en t\u00e9rminos de redes sociales? A trav\u00e9s de un plan.\n\t\t\t\n\t\t<\/div>\n\t<\/div><\/a>[\/vc_column_inner][vc_column_inner width=\u00bb1\/2&#8243; offset=\u00bbvc_col-md-4 vc_col-xs-6&#8243;]<a href=\"http:\/\/auroraglobalgroup.com\/services\/marketing-plan\/\"><div class=\"iconbox   \">\n\t\t<div class=\"box-header\">\n\t\t\t<div class=\"box-icon\"><img decoding=\"async\" src=\"https:\/\/www.auroraglobalgroup.com\/wp-content\/uploads\/2016\/08\/home-icon4.png\" alt=\"Plan de Marketing\" \/><\/div>\n\t\t\t<h2 class=\"box-title\">Plan de Marketing<\/h2>\n\t\t\t\n\t\t<\/div>\n\t\t<div class=\"box-content\">\n\t\t\tTienes un producto revolucionario o un servicio excepcional: preparamos tu plan de lanzamiento, tu plan de marketing, desarrollamos tu marca, tu historia. Somos tu equipo de marketing.\n\t\t\t\n\t\t<\/div>\n\t<\/div><\/a>[\/vc_column_inner][vc_column_inner width=\u00bb1\/2&#8243; offset=\u00bbvc_col-md-4 vc_col-xs-6&#8243;]<a href=\"http:\/\/auroraglobalgroup.com\/services\/digital-strategy\/\"><div class=\"iconbox   \">\n\t\t<div class=\"box-header\">\n\t\t\t<div class=\"box-icon\"><img decoding=\"async\" src=\"https:\/\/www.auroraglobalgroup.com\/wp-content\/uploads\/2016\/08\/home-icon5.png\" alt=\"Estrategia Digital\" \/><\/div>\n\t\t\t<h2 class=\"box-title\">Estrategia Digital<\/h2>\n\t\t\t\n\t\t<\/div>\n\t\t<div class=\"box-content\">\n\t\t\tTienes una web o una tienda online. Ahora deseas que clientes potenciales lleguen a tu sitio. \u00bfY ahora qu\u00e9? Definimos tu estrategia en redes sociales, email marketing, SEO\/SEM.\n\t\t\t\n\t\t<\/div>\n\t<\/div><\/a>[\/vc_column_inner][vc_column_inner width=\u00bb1\/2&#8243; offset=\u00bbvc_col-md-4 vc_col-xs-6&#8243;]<a href=\"http:\/\/auroraglobalgroup.com\/services\/training\/\"><div class=\"iconbox   \">\n\t\t<div class=\"box-header\">\n\t\t\t<div class=\"box-icon\"><img decoding=\"async\" src=\"https:\/\/www.auroraglobalgroup.com\/wp-content\/uploads\/2016\/08\/home-icon6.png\" alt=\"Formaci\u00f3n\" \/><\/div>\n\t\t\t<h2 class=\"box-title\">Formaci\u00f3n<\/h2>\n\t\t\t\n\t\t<\/div>\n\t\t<div class=\"box-content\">\n\t\t\t<span style=\"font-weight: 400\">Tu equipo necesita estar preparado para reaccionar frente a una crisis online, gestionar adecuadamente las redes sociales y llevar a cabo con \u00e9xito campa\u00f1as publicitarias. Podemos ayudarte. Ser autosuficiente es un componente cr\u00edtico para el \u00e9xito.<\/span>\n\t\t\t\n\t\t<\/div>\n\t<\/div><\/a>[\/vc_column_inner][\/vc_row_inner][\/vc_column][\/vc_row]<\/p>\n<\/div>","protected":false},"excerpt":{"rendered":"<p>[vc_row parallax_speed=\u00bb4&#8243; parallax_x=\u00bb4&#8243; parallax_y=\u00bb4&#8243; el_class=\u00bbtext-center mod-services narrow\u00bb css=\u00bb.vc_custom_1496924276394{padding-top: 50px !important;padding-bottom: 50px !important;}\u00bb][vc_column][vc_row_inner][vc_column_inner][\/vc_column_inner][\/vc_row_inner][vc_row_inner equal_height=\u00bbyes\u00bb el_id=\u00bbldp-icon-box\u00bb][vc_column_inner width=\u00bb1\/2&#8243; offset=\u00bbvc_col-md-4 vc_col-xs-6&#8243;][\/vc_column_inner][vc_column_inner width=\u00bb1\/2&#8243; offset=\u00bbvc_col-md-4 vc_col-xs-6&#8243;][\/vc_column_inner][vc_column_inner [&hellip;]<\/p>\n","protected":false},"author":1,"featured_media":0,"parent":0,"menu_order":45,"comment_status":"closed","ping_status":"closed","template":"","meta":{"footnotes":""},"class_list":["post-4743","page","type-page","status-publish","hentry"],"yoast_head":"<!-- This site is optimized with the Yoast SEO plugin v26.8 - https:\/\/yoast.com\/product\/yoast-seo-wordpress\/ -->\n<title>Servicios de Aurora Global Group: Liderando en Marketing Digital<\/title>\n<meta name=\"description\" content=\"Explora nuestros servicios de marketing digital en Aurora Global Group. Estrategias innovadoras para impulsar tu negocio hacia el \u00e9xito global.\" \/>\n<meta name=\"robots\" content=\"index, follow, max-snippet:-1, max-image-preview:large, max-video-preview:-1\" \/>\n<link rel=\"canonical\" href=\"https:\/\/www.auroraglobalgroup.com\/es\/services\/\" \/>\n<meta property=\"og:locale\" content=\"es_ES\" \/>\n<meta property=\"og:type\" content=\"article\" \/>\n<meta property=\"og:title\" content=\"Servicios de Aurora Global Group: Liderando en Marketing Digital\" \/>\n<meta property=\"og:description\" content=\"Explora nuestros servicios de marketing digital en Aurora Global Group. Estrategias innovadoras para impulsar tu negocio hacia el \u00e9xito global.\" \/>\n<meta property=\"og:url\" content=\"https:\/\/www.auroraglobalgroup.com\/es\/services\/\" \/>\n<meta property=\"article:publisher\" content=\"https:\/\/www.facebook.com\/auroraglobalgroup\/\" \/>\n<meta property=\"article:modified_time\" content=\"2024-02-20T12:45:21+00:00\" \/>\n<meta name=\"twitter:card\" content=\"summary_large_image\" \/>\n<meta name=\"twitter:site\" content=\"@global_aurora\" \/>\n<meta name=\"twitter:label1\" content=\"Tiempo de lectura\" \/>\n\t<meta name=\"twitter:data1\" content=\"2 minutos\" \/>\n<script type=\"application\/ld+json\" class=\"yoast-schema-graph\">{\"@context\":\"https:\/\/schema.org\",\"@graph\":[{\"@type\":\"WebPage\",\"@id\":\"https:\/\/www.auroraglobalgroup.com\/es\/services\/\",\"url\":\"https:\/\/www.auroraglobalgroup.com\/es\/services\/\",\"name\":\"Servicios de Aurora Global Group: Liderando en Marketing Digital\",\"isPartOf\":{\"@id\":\"https:\/\/www.auroraglobalgroup.com\/es\/#website\"},\"datePublished\":\"2016-08-25T04:21:38+00:00\",\"dateModified\":\"2024-02-20T12:45:21+00:00\",\"description\":\"Explora nuestros servicios de marketing digital en Aurora Global Group. Estrategias innovadoras para impulsar tu negocio hacia el \u00e9xito global.\",\"breadcrumb\":{\"@id\":\"https:\/\/www.auroraglobalgroup.com\/es\/services\/#breadcrumb\"},\"inLanguage\":\"es\",\"potentialAction\":[{\"@type\":\"ReadAction\",\"target\":[\"https:\/\/www.auroraglobalgroup.com\/es\/services\/\"]}]},{\"@type\":\"BreadcrumbList\",\"@id\":\"https:\/\/www.auroraglobalgroup.com\/es\/services\/#breadcrumb\",\"itemListElement\":[{\"@type\":\"ListItem\",\"position\":1,\"name\":\"Home\",\"item\":\"https:\/\/www.auroraglobalgroup.com\/es\/\"},{\"@type\":\"ListItem\",\"position\":2,\"name\":\"Servicios\"}]},{\"@type\":\"WebSite\",\"@id\":\"https:\/\/www.auroraglobalgroup.com\/es\/#website\",\"url\":\"https:\/\/www.auroraglobalgroup.com\/es\/\",\"name\":\"Auroraglobalgroup\",\"description\":\"\",\"publisher\":{\"@id\":\"https:\/\/www.auroraglobalgroup.com\/es\/#organization\"},\"potentialAction\":[{\"@type\":\"SearchAction\",\"target\":{\"@type\":\"EntryPoint\",\"urlTemplate\":\"https:\/\/www.auroraglobalgroup.com\/es\/?s={search_term_string}\"},\"query-input\":{\"@type\":\"PropertyValueSpecification\",\"valueRequired\":true,\"valueName\":\"search_term_string\"}}],\"inLanguage\":\"es\"},{\"@type\":\"Organization\",\"@id\":\"https:\/\/www.auroraglobalgroup.com\/es\/#organization\",\"name\":\"Aurora Global Group\",\"url\":\"https:\/\/www.auroraglobalgroup.com\/es\/\",\"logo\":{\"@type\":\"ImageObject\",\"inLanguage\":\"es\",\"@id\":\"https:\/\/www.auroraglobalgroup.com\/es\/#\/schema\/logo\/image\/\",\"url\":\"https:\/\/www.auroraglobalgroup.com\/wp-content\/uploads\/2017\/02\/aurora-expertise.png\",\"contentUrl\":\"https:\/\/www.auroraglobalgroup.com\/wp-content\/uploads\/2017\/02\/aurora-expertise.png\",\"width\":389,\"height\":120,\"caption\":\"Aurora Global Group\"},\"image\":{\"@id\":\"https:\/\/www.auroraglobalgroup.com\/es\/#\/schema\/logo\/image\/\"},\"sameAs\":[\"https:\/\/www.facebook.com\/auroraglobalgroup\/\",\"https:\/\/x.com\/global_aurora\",\"https:\/\/es.linkedin.com\/company\/aurora-global-group\"]}]}<\/script>\n<!-- \/ Yoast SEO plugin. -->","yoast_head_json":{"title":"Servicios de Aurora Global Group: Liderando en Marketing Digital","description":"Explora nuestros servicios de marketing digital en Aurora Global Group. Estrategias innovadoras para impulsar tu negocio hacia el \u00e9xito global.","robots":{"index":"index","follow":"follow","max-snippet":"max-snippet:-1","max-image-preview":"max-image-preview:large","max-video-preview":"max-video-preview:-1"},"canonical":"https:\/\/www.auroraglobalgroup.com\/es\/services\/","og_locale":"es_ES","og_type":"article","og_title":"Servicios de Aurora Global Group: Liderando en Marketing Digital","og_description":"Explora nuestros servicios de marketing digital en Aurora Global Group. Estrategias innovadoras para impulsar tu negocio hacia el \u00e9xito global.","og_url":"https:\/\/www.auroraglobalgroup.com\/es\/services\/","article_publisher":"https:\/\/www.facebook.com\/auroraglobalgroup\/","article_modified_time":"2024-02-20T12:45:21+00:00","twitter_card":"summary_large_image","twitter_site":"@global_aurora","twitter_misc":{"Tiempo de lectura":"2 minutos"},"schema":{"@context":"https:\/\/schema.org","@graph":[{"@type":"WebPage","@id":"https:\/\/www.auroraglobalgroup.com\/es\/services\/","url":"https:\/\/www.auroraglobalgroup.com\/es\/services\/","name":"Servicios de Aurora Global Group: Liderando en Marketing Digital","isPartOf":{"@id":"https:\/\/www.auroraglobalgroup.com\/es\/#website"},"datePublished":"2016-08-25T04:21:38+00:00","dateModified":"2024-02-20T12:45:21+00:00","description":"Explora nuestros servicios de marketing digital en Aurora Global Group. Estrategias innovadoras para impulsar tu negocio hacia el \u00e9xito global.","breadcrumb":{"@id":"https:\/\/www.auroraglobalgroup.com\/es\/services\/#breadcrumb"},"inLanguage":"es","potentialAction":[{"@type":"ReadAction","target":["https:\/\/www.auroraglobalgroup.com\/es\/services\/"]}]},{"@type":"BreadcrumbList","@id":"https:\/\/www.auroraglobalgroup.com\/es\/services\/#breadcrumb","itemListElement":[{"@type":"ListItem","position":1,"name":"Home","item":"https:\/\/www.auroraglobalgroup.com\/es\/"},{"@type":"ListItem","position":2,"name":"Servicios"}]},{"@type":"WebSite","@id":"https:\/\/www.auroraglobalgroup.com\/es\/#website","url":"https:\/\/www.auroraglobalgroup.com\/es\/","name":"Auroraglobalgroup","description":"","publisher":{"@id":"https:\/\/www.auroraglobalgroup.com\/es\/#organization"},"potentialAction":[{"@type":"SearchAction","target":{"@type":"EntryPoint","urlTemplate":"https:\/\/www.auroraglobalgroup.com\/es\/?s={search_term_string}"},"query-input":{"@type":"PropertyValueSpecification","valueRequired":true,"valueName":"search_term_string"}}],"inLanguage":"es"},{"@type":"Organization","@id":"https:\/\/www.auroraglobalgroup.com\/es\/#organization","name":"Aurora Global Group","url":"https:\/\/www.auroraglobalgroup.com\/es\/","logo":{"@type":"ImageObject","inLanguage":"es","@id":"https:\/\/www.auroraglobalgroup.com\/es\/#\/schema\/logo\/image\/","url":"https:\/\/www.auroraglobalgroup.com\/wp-content\/uploads\/2017\/02\/aurora-expertise.png","contentUrl":"https:\/\/www.auroraglobalgroup.com\/wp-content\/uploads\/2017\/02\/aurora-expertise.png","width":389,"height":120,"caption":"Aurora Global Group"},"image":{"@id":"https:\/\/www.auroraglobalgroup.com\/es\/#\/schema\/logo\/image\/"},"sameAs":["https:\/\/www.facebook.com\/auroraglobalgroup\/","https:\/\/x.com\/global_aurora","https:\/\/es.linkedin.com\/company\/aurora-global-group"]}]}},"_links":{"self":[{"href":"https:\/\/www.auroraglobalgroup.com\/es\/wp-json\/wp\/v2\/pages\/4743","targetHints":{"allow":["GET"]}}],"collection":[{"href":"https:\/\/www.auroraglobalgroup.com\/es\/wp-json\/wp\/v2\/pages"}],"about":[{"href":"https:\/\/www.auroraglobalgroup.com\/es\/wp-json\/wp\/v2\/types\/page"}],"author":[{"embeddable":true,"href":"https:\/\/www.auroraglobalgroup.com\/es\/wp-json\/wp\/v2\/users\/1"}],"replies":[{"embeddable":true,"href":"https:\/\/www.auroraglobalgroup.com\/es\/wp-json\/wp\/v2\/comments?post=4743"}],"version-history":[{"count":5,"href":"https:\/\/www.auroraglobalgroup.com\/es\/wp-json\/wp\/v2\/pages\/4743\/revisions"}],"predecessor-version":[{"id":4942,"href":"https:\/\/www.auroraglobalgroup.com\/es\/wp-json\/wp\/v2\/pages\/4743\/revisions\/4942"}],"wp:attachment":[{"href":"https:\/\/www.auroraglobalgroup.com\/es\/wp-json\/wp\/v2\/media?parent=4743"}],"curies":[{"name":"wp","href":"https:\/\/api.w.org\/{rel}","templated":true}]}}